{"id":1056,"date":"2013-03-26T08:59:56","date_gmt":"2013-03-26T06:59:56","guid":{"rendered":"http:\/\/wataaah.de\/?page_id=1056"},"modified":"2019-05-24T12:11:09","modified_gmt":"2019-05-24T10:11:09","slug":"product-line","status":"publish","type":"page","link":"https:\/\/wataaah.de\/en\/about-us\/product-line\/","title":{"rendered":"Product Line"},"content":{"rendered":"<p>Climbing and bouldering live on diversity. Our series of climbing holds are as different as your requirements. Currently, we offer 116 sets of shapes, divided into three series. Each of our series has been thoughtfully designed to serve its purpose.<\/p>\n<p>Our product range includes holds for public routes, for your training area and for competition. Within each series are holds with both specifically defined grips and holds that allow multiple griping positions. Our holds are exactly the right tool to get your ideas on the wall. We have been climbing and bouldering for years. This experience along with our passion for design, craftsmanship and perfection can be found in every single one of our products at WATAAAH. Of course, all our holds meet or exceed the DIN EN 12572-3 standard. Every single WATAAAH climbing hold is handcrafted and designed locally here in Germany. Every WATAAAH climbing hold is made of our sustainable polyurethane. No additives. No composites. No fillers.<\/p>\n[divider]\n<p>&nbsp;<\/p>\n<h2><b><a href=\"http:\/\/wataaah.de\/wp-content\/uploads\/2013\/10\/130629_Aufkleber_Nature.jpg\"><img loading=\"lazy\" decoding=\"async\" class=\"size-full wp-image-1948 alignleft\" src=\"http:\/\/wataaah.de\/wp-content\/uploads\/2013\/10\/130629_Aufkleber_Nature.jpg\" alt=\"130629_Aufkleber_Nature\" width=\"150\" height=\"150\" srcset=\"https:\/\/wataaah.de\/wp-content\/uploads\/2013\/10\/130629_Aufkleber_Nature.jpg 150w, https:\/\/wataaah.de\/wp-content\/uploads\/2013\/10\/130629_Aufkleber_Nature-100x100.jpg 100w, https:\/\/wataaah.de\/wp-content\/uploads\/2013\/10\/130629_Aufkleber_Nature-32x32.jpg 32w\" sizes=\"auto, (max-width: 150px) 100vw, 150px\" \/><\/a><a href=\"https:\/\/wataaah.de\/en\/shop\/produkt-kategorie\/nature-en\/\">Nature<\/a><\/b><\/h2>\n<p>You know it! It is about that awesome, excited feeling of your hands touching rock which has been shaped by nature over thousands of years. The creative process of reading and understanding that little crimp, getting your position right, figuring out the best hold and accepting that challenge is the core of the experience when challenging yourself in climbing outdoors! In every session, this is what makes it memorable for us. To make this possible in your gym, we developed the Nature Series.<\/p>\n<h3><b>Our Nature-Series \u2013 fresh from the woods to under your fingers<\/b><\/h3>\n[divider]\n<p>&nbsp;<\/p>\n<h2><b><a href=\"http:\/\/wataaah.de\/wp-content\/uploads\/2013\/10\/130629_Aufkleber_\u00c4sthetic.jpg\"><img loading=\"lazy\" decoding=\"async\" class=\"size-full wp-image-1946 alignleft\" src=\"http:\/\/wataaah.de\/wp-content\/uploads\/2013\/10\/130629_Aufkleber_\u00c4sthetic.jpg\" alt=\"130629_Aufkleber_\u00c4sthetic\" width=\"150\" height=\"150\" srcset=\"https:\/\/wataaah.de\/wp-content\/uploads\/2013\/10\/130629_Aufkleber_\u00c4sthetic.jpg 150w, https:\/\/wataaah.de\/wp-content\/uploads\/2013\/10\/130629_Aufkleber_\u00c4sthetic-100x100.jpg 100w, https:\/\/wataaah.de\/wp-content\/uploads\/2013\/10\/130629_Aufkleber_\u00c4sthetic-32x32.jpg 32w\" sizes=\"auto, (max-width: 150px) 100vw, 150px\" \/><\/a><a href=\"https:\/\/wataaah.de\/en\/shop\/produkt-kategorie\/aestethic\/\">\u00c4sthetic<\/a><\/b><\/h2>\n<p>\u00c4sthetic says it all. Clear forms and lines, reduction and as little design as possible. For \u00c4sthetic routes and boulders and \u00c4sthetic movements on \u00c4sthetic holds.<\/p>\n<h3>Our \u00c4sthetic Series &#8211; Style for your wall.<\/h3>\n[divider]\n<p>&nbsp;<\/p>\n<p>&nbsp;<\/p>\n<h2><b><a href=\"http:\/\/wataaah.de\/wp-content\/uploads\/2013\/10\/130629_Aufkleber_Training.jpg\"><img loading=\"lazy\" decoding=\"async\" class=\"size-full wp-image-1949 alignleft\" src=\"http:\/\/wataaah.de\/wp-content\/uploads\/2013\/10\/130629_Aufkleber_Training.jpg\" alt=\"130629_Aufkleber_Training\" width=\"150\" height=\"150\" srcset=\"https:\/\/wataaah.de\/wp-content\/uploads\/2013\/10\/130629_Aufkleber_Training.jpg 150w, https:\/\/wataaah.de\/wp-content\/uploads\/2013\/10\/130629_Aufkleber_Training-100x100.jpg 100w, https:\/\/wataaah.de\/wp-content\/uploads\/2013\/10\/130629_Aufkleber_Training-32x32.jpg 32w\" sizes=\"auto, (max-width: 150px) 100vw, 150px\" \/><\/a><a href=\"https:\/\/wataaah.de\/en\/shop\/produkt-kategorie\/training-en\/\">Training<\/a><\/b><\/h2>\n<p>\u201cThe more, the better\u201d. Fortunately, training is no longer done according to this principle. Today we have the means and tools to train more systematically, effectively and efficiently. Through selecting the right holds and creating sophisticated route designs, perfect training conditions are made every day. You want to get through your training schedule without being limited by your skin, right? That\u2019s why we made the surface of our training series less rough than on our other series.<\/p>\n<h3>Our training series \u2013 achieve your inner strength!<b> <\/b><\/h3>\n[divider]\n<p>&nbsp;<\/p>\n","protected":false},"excerpt":{"rendered":"<p>Climbing and bouldering live on diversity. Our series of climbing holds are as different as your requirements. Currently, we offer 116 sets of shapes, divided into three series. Each of our series has been thoughtfully designed to serve its purpose. Our product range includes holds for public routes, for your training area and for competition. Within each series are holds &#8230; <\/p>\n<div><a href=\"https:\/\/wataaah.de\/en\/about-us\/product-line\/\" class=\"more-link\">Read More<\/a><\/div>\n","protected":false},"author":1,"featured_media":0,"parent":1134,"menu_order":0,"comment_status":"closed","ping_status":"open","template":"","meta":{"footnotes":""},"class_list":["post-1056","page","type-page","status-publish","hentry","no-post-thumbnail"],"aioseo_notices":[],"_links":{"self":[{"href":"https:\/\/wataaah.de\/en\/wp-json\/wp\/v2\/pages\/1056","targetHints":{"allow":["GET"]}}],"collection":[{"href":"https:\/\/wataaah.de\/en\/wp-json\/wp\/v2\/pages"}],"about":[{"href":"https:\/\/wataaah.de\/en\/wp-json\/wp\/v2\/types\/page"}],"author":[{"embeddable":true,"href":"https:\/\/wataaah.de\/en\/wp-json\/wp\/v2\/users\/1"}],"replies":[{"embeddable":true,"href":"https:\/\/wataaah.de\/en\/wp-json\/wp\/v2\/comments?post=1056"}],"version-history":[{"count":2,"href":"https:\/\/wataaah.de\/en\/wp-json\/wp\/v2\/pages\/1056\/revisions"}],"predecessor-version":[{"id":3622,"href":"https:\/\/wataaah.de\/en\/wp-json\/wp\/v2\/pages\/1056\/revisions\/3622"}],"up":[{"embeddable":true,"href":"https:\/\/wataaah.de\/en\/wp-json\/wp\/v2\/pages\/1134"}],"wp:attachment":[{"href":"https:\/\/wataaah.de\/en\/wp-json\/wp\/v2\/media?parent=1056"}],"curies":[{"name":"wp","href":"https:\/\/api.w.org\/{rel}","templated":true}]}}