{"id":1058,"date":"2013-03-26T10:38:25","date_gmt":"2013-03-26T08:38:25","guid":{"rendered":"http:\/\/wataaah.de\/?page_id=1058"},"modified":"2013-06-24T11:58:26","modified_gmt":"2013-06-24T09:58:26","slug":"general-terms-and-conditions","status":"publish","type":"page","link":"https:\/\/wataaah.de\/en\/general-terms-and-conditions\/","title":{"rendered":"General Terms and Conditions"},"content":{"rendered":"<div>\n<p><strong>Allgemeine Gesch\u00e4ftsbedingungen und Kundeninformationen<\/strong><\/p>\n<p>(Die nachstehenden AGB enthalten zugleich gesetzliche Informationen zu Ihren Rechten nach den Vorschriften \u00fcber Vertr\u00e4ge im Fernabsatz und im elektronischen Gesch\u00e4ftsverkehr.)<\/p>\n<p><strong>Inhaltsverzeichnis:<\/strong><\/p>\n<p>\u00a7 1 Geltungsbereich der AGB und Anbieter<\/p>\n<p>\u00a7 2 Vertragsgegenstand<\/p>\n<p>\u00a7 3\u00a0 Angebote \/ Produktpr\u00e4sentation \/ Zustandekommen des Vertrages<\/p>\n<p>\u00a7 4\u00a0 Informationspflichten des Kunden\/der Kundin<\/p>\n<p>\u00a7 5 \u00a0Widerrufsrecht f\u00fcr Verbraucher bei Bestellung per E-Mail oder Telefon<\/p>\n<p>\u00a7 6 Preise \/ Zahlungsbedingungen<\/p>\n<p>\u00a7 7 Lieferbedingungen \/ Gefahr\u00fcbergang<\/p>\n<p>\u00a7 8 Eigentumsvorbehalt<\/p>\n<p>\u00a7 9 Mangelbeseitigung (Gew\u00e4hrleistung) \/ Haftung<\/p>\n<p>\u00a7 10 Aufrechnung \/ Zur\u00fcckbehaltungsrecht<\/p>\n<p>\u00a7 11 Anwendbares Recht \/ Gerichtsstand \/ Vertragssprache<\/p>\n<p>\u00a7 12 Schriftform \/ Sonstige Regelungen<\/p>\n<p>&nbsp;<\/p>\n<\/div>\n<h4>\u00a7 1 Geltungsbereich der AGB und Anbieter<\/h4>\n<p>(1)\u00a0\u00a0\u00a0 Die nachstehenden Allgemeinen Gesch\u00e4ftsbedingungen (im Folgenden \u201eAGB\u201c) gelten f\u00fcr jeden per Mail oder per Telefon zwischen Verbrauchern bzw. Unternehmen\/gewerblichen Kunden und uns &#8211;<\/p>\n<p>WATAAAH GmbH| Gesch\u00e4ftsf\u00fchrer: Herr Jonas Hartmann, Herr Benjamin Hartmann| Bachstr. 2| 71263 Weil der Stadt| E-Mail:\u00a0<a href=\"mailto:office@wataaah.de|Tel\">office@wataaah.de<\/a>\u00a0| Tel. Nr.: +49(0)1727422578 oder +49(0)1727531382<\/p>\n<p>geschlossenen Kaufvertrag \u00fcber auf unserer Website dargestellten Produkten mit einer europaweiten Warenauslieferung.<\/p>\n<p>(2) Wir erbringen unsere Leistungen und Lieferungen ausschlie\u00dflich auf der Grundlage dieser AGB in ihrer jeweils g\u00fcltigen Fassung.<\/p>\n<h4>\u00a7 2 Vertragsgegenstand<\/h4>\n<p>Vertragsgegenstand ist jeweils das von Ihnen verbindlich bestellte Produkt mit den Merkmalen und Ma\u00dfen unserer Produktbeschreibung. Abbildungen auf unserer Website dienen der allgemeinen Produktinformation in rein bildlicher Darstellung und haben keinen Anspruch auf Vollst\u00e4ndigkeit und Richtigkeit.<\/p>\n<h4>\u00a7 3\u00a0 Angebote \/ Produktpr\u00e4sentation \/ Zustandekommen des Vertrages<\/h4>\n<p>(1) Die Darstellung der Produkte auf unserer Website stellen kein rechtlich bindendes Angebot, sondern einen unverbindlichen Online-Katalog dar.<\/p>\n<p>(2) Bestellungen \u00fcber die auf unserer Website pr\u00e4sentierte Produkte sind entweder per Telefon m\u00f6glich durch Mitteilung an uns des bestellten Produktes\/der bestellten Produkte oder per E-Mail, indem das auf unserer Website vorbehaltene Downloadbestellformular heruntergeladen, mit der Anzahl der bestellten Produkte ausgef\u00fcllt wird und als Excel-Datei per E-Mail an die von uns angegebene E-Mail-Adresse geschickt wird. Mit dem Absenden der E-Mail oder mit der Erkl\u00e4rung am Telefon geben Sie eine verbindliche Bestellung auf Abschluss der aufgef\u00fchrten bzw. m\u00fcndlich erw\u00e4hnten Produkte. Der Eingang Ihrer Bestellung wird Ihnen bei einer Bestellung per E-Mail auf diesem Wege, bei einer telefonischen Bestellung per E-Mail best\u00e4tigt. Eine Auftragsbest\u00e4tigung erhalten Sie sp\u00e4testens 1 bis 4 Werktage (Mo. bis Fr. au\u00dfer gesetzlichen Feiertagen in Baden-W\u00fcrttemberg) nach dem Eingang Ihrer Bestellung. Mit dem Zugang der Auftragsbest\u00e4tigung bei Ihnen ist der Kaufvertrag zustande gekommen.<\/p>\n<p>(3) An Ihre Bestellungen sind Sie 3 Werktage (Mo. bis Fr. au\u00dfer gesetzlichen Feiertagen in Baden-W\u00fcrttemberg) gebunden.<\/p>\n<p>(4) Sollte ein bestelltes Produkt nicht mehr verf\u00fcgbar sein, informieren wir Sie als Kunden\/Kundin sp\u00e4testens 4 Tage nach \u00fcbersandter Bestellungseingangsbest\u00e4tigung. Ist das Produkt nicht lieferbar, teilen wir das voraussichtliche Lieferdatum mit. Als Kunde\/Kundin haben Sie sodann die M\u00f6glichkeit, durch entsprechende Mitteilung an der Bestellung festzuhalten, aber gleichwohl die R\u00fcckerstattung des bereits gezahlten Betrages zu verlangen und sobald das Produkt zur Auslieferung zur Verf\u00fcgung steht, erneut den Betrag zu \u00fcberweisen. Mit Gutschrift wird sodann die Auslieferung in bis zu 14 Tagen erfolgen. Erhalten wir keine Mitteilung von Ihnen, dass Sie an der Bestellung festhalten wollen, erstatten wir die bereits erfolgte Zahlung an Sie zur\u00fcck.<\/p>\n<h4>\u00a7 4\u00a0 Informationspflichten des Kunden\/der Kundin<\/h4>\n<p>(1) Ihre personenbezogenen Angaben sind wahrheitsgem\u00e4\u00df zu machen. Sofern sich Ihre Daten w\u00e4hrend der Laufzeit\/Abwicklung des Vertrages \u00e4ndern, sind Sie verpflichtet, uns diese \u00c4nderungen unverz\u00fcglich mitzuteilen. Wird dies von Ihnen unterlassen oder geben Sie uns von vornherein falsche Daten an, so sind wir berechtigt, kostenfrei von dem geschlossenen Vertrag zur\u00fcckzutreten. Kosten, die durch Fehlleitung der Ware aufgrund unvollst\u00e4ndiger oder unrichtiger Adressenangabe entstehen, k\u00f6n\u00adnen Ihnen weiterberechnet werden.<\/p>\n<p>(2) Als unser Vertragspartner haben Sie daf\u00fcr Sorge zu tragen, dass der von Ihnen angegebene E-Mail-Account oder die Telefon-Nr. erreichbar ist. Es ist sicherzustellen, dass der Empfang von E-Mails nicht aufgrund von Weiterleitung, Stilllegung oder \u00dcberf\u00fcllung des E-Mail-Accounts\u00a0 ausgeschlossen ist.<\/p>\n<h4>\u00a7 5 \u00a0Widerrufsrecht f\u00fcr Verbraucher bei Bestellung per E-Mail oder Telefon<\/h4>\n<p>(1) Verbraucher haben bei einer Bestellung per E- Mail oder per Telefon ein 14 t\u00e4giges Widerrufsrecht gem\u00e4\u00df den nachfolgenden Regelungen:<\/p>\n[hr]\n<p>&nbsp;<\/p>\n<h2>Widerrufsbelehrung<strong><\/strong><\/h2>\n[hr]\n<h3 align=\"center\">Widerrufsrecht<\/h3>\n<p><strong>Sie k\u00f6nnen Ihre Vertragserkl\u00e4rung innerhalb von 14 Tagen ohne \u00a0Angabe von Gr\u00fcnden in Textform (z.B. Brief, Fax, E-Mail) oder &#8211; wenn Ihnen die Sache vor Fristablauf \u00fcberlassen wird &#8211; auch durch R\u00fccksendung der Sache widerrufen. Die Frist beginnt nach Erhalt \u00a0dieser Belehrung in Textform, jedoch nicht vor Eingang der Ware beim Empf\u00e4nger (bei der wiederkehrenden Lieferung gleichartiger\u00a0Waren nicht vor Eingang der ersten Teillieferung) und auch nicht vor Erf\u00fcllung unserer Informationspflichten gem\u00e4\u00df Artikel 246 \u00a7 2 in Verbindung mit \u00a7 1 Absatz 1 und 2 EGBGB sowie unserer Pflichten gem\u00e4\u00df \u00a7 312g Absatz 1 Satz 1 BGB in Verbindung mit Artikel 246 \u00a7 3 EGBGB. Zur Wahrung der Widerrufsfrist gen\u00fcgt die rechtzeitige \u00a0Absendung des Widerrufs oder der Sache.<\/strong><\/p>\n<p><strong>\u00a0Der Widerruf ist zu richten an:<\/strong><\/p>\n<p><strong>WATAAAH GmbH| Gesch\u00e4ftsf\u00fchrer: Herr Jonas Hartmann, Herr Benjamin Hartmann| Bachstr. 2| 71263 Weil der Stadt| E-Mail:\u00a0<\/strong><a href=\"mailto:office@wataaah.de|\"><strong>office@wataaah.de|<\/strong><\/a><strong>\u00a0Tel. Nr.: +49(0)1727422578 oder +49(0)1727531382<\/strong><\/p>\n<div>\n<p><strong>Die R\u00fccksendung hat ebenfalls an diese Postanschrift zu erfolgen.<\/strong><\/p>\n<\/div>\n<p><strong><em>\u00a0<\/em><\/strong><\/p>\n<h3 align=\"center\">Widerrufsfolgen<\/h3>\n<p><strong>Im Falle eines wirksamen Widerrufs sind die beiderseits empfangenen Leistungen zur\u00fcck zu gew\u00e4hren und ggf. gezogene Nutzungen (z.B. Zinsen) herauszugeben. K\u00f6nnen Sie uns die empfangene Leistung sowie Nutzungen (z.B. Gebrauchsvorteile) nicht oder teilweise nicht oder nur in verschlechtertem Zustand zur\u00fcckgew\u00e4hren beziehungsweise herausgeben, m\u00fcssen Sie uns insoweit Wertersatz leisten. F\u00fcr die Verschlechterung der Sache und f\u00fcr gezogene Nutzungen m\u00fcssen Sie Wertersatz nur leisten, soweit die Nutzungen oder die Verschlechterung auf einen Umgang mit der Sache zur\u00fcckzuf\u00fchren ist, der \u00fcber die Pr\u00fcfung der Eigenschaften und der Funktionsweise hinausgeht. Unter &#8220;Pr\u00fcfung der Eigenschaften und der Funktionsweise&#8221; versteht man das Testen und Ausprobieren der jeweiligen Ware, wie es etwa im Ladengesch\u00e4ft m\u00f6glich und \u00fcblich ist. Paketversandf\u00e4hige Sachen sind auf unsere Gefahr<em>\u00a0<\/em>zur\u00fcckzusenden. Sie haben die regelm\u00e4\u00dfigen Kosten der R\u00fccksendung zu tragen, wenn die gelieferte Ware der bestellten entspricht und wenn der Preis der zur\u00fcckzusendenden Sache einen Betrag von 40 EUR nicht \u00fcbersteigt oder wenn Sie bei einem h\u00f6heren Preis der Sache zum Zeitpunkt des Widerrufs noch nicht die Gegenleistung oder eine vertraglich vereinbarte Teilzahlung erbracht haben. Anderenfalls ist die R\u00fccksendung f\u00fcr Sie kostenfrei. Nicht paketversandf\u00e4hige Sachen werden bei Ihnen abgeholt. Verpflichtungen zur Erstattung von Zahlungen m\u00fcssen innerhalb von 30 Tagen erf\u00fcllt werden. Die Frist beginnt f\u00fcr Sie mit der Absendung Ihrer Widerrufserkl\u00e4rung oder der Sache, f\u00fcr uns mit deren Empfang.<\/strong><\/p>\n<div>\n<p><strong>Ende der Widerrufsbelehrung<\/strong><\/p>\n<\/div>\n[hr]\n<p>(2) Das Widerrufsrecht besteht nicht bei Fernabsatzvertr\u00e4gen zur Lieferung von Produkten, die nach Kundenspezifikation angefertigt werden oder eindeutig auf die pers\u00f6nlichen Bed\u00fcrfnisse zugeschnitten sind. Hiervon unber\u00fchrt bleiben Mangelbeseitigungsspr\u00fcche von Ihnen, sofern die Vertragsleistung mangelhaft ist.<\/p>\n<p>(3) Senden Sie die Ware bitte &#8211; wenn es Ihnen m\u00f6glich ist &#8211; in Originalverpackung mit s\u00e4mtlichem Zubeh\u00f6r und mit allen Verpackungsbestandteilen an uns zur\u00fcck. Verwenden Sie ggf. eine sch\u00fctzende Umverpackung. Wenn Sie die Originalverpackung nicht mehr besitzen, sorgen Sie bitte mit einer geeigneten Verpackung f\u00fcr einen ausreichenden Schutz vor Transportsch\u00e4den.<\/p>\n<p>(4) Senden Sie die Ware bitte als frankiertes Paket an uns zur\u00fcck und bewahren Sie den Einlieferbeleg auf. Wir erstatten Ihnen auch gern auf Wunsch vorab die Portokosten, sofern diese nicht von Ihnen selbst zu tragen sind.<\/p>\n<p>(5) Bitte rufen Sie vor R\u00fccksendung unter der Telefonnummer [+49(0)1727531382] bei uns an, um die R\u00fccksendung anzuk\u00fcndigen. Auf diese Weise erm\u00f6glichen Sie uns eine schnellstm\u00f6gliche Zuordnung der Produkte.<\/p>\n<p>(6) Bitte beachten Sie, dass die in den Abs\u00e4tzen 3 bis 5 genannten Modalit\u00e4ten nicht Voraussetzung f\u00fcr die wirksame Aus\u00fcbung des Widerrufsrechts sind.<\/p>\n<p>(7) R\u00fccksendekosten bei Aus\u00fcbung des Widerrufsrechts<\/p>\n<p>Machen Sie von Ihrem gesetzlichen Widerrufsrecht Gebrauch (siehe Widerrufsbelehrung), haben Sie die regelm\u00e4\u00dfigen Kosten der R\u00fccksendung zu tragen, wenn die gelieferte Ware der bestellten entspricht und wenn der Preis der zur\u00fcckzusendenden Sache einen Betrag von 40 EUR nicht \u00fcbersteigt oder wenn Sie bei einem h\u00f6heren Preis der Sache zum Zeitpunkt des Widerrufs noch nicht die Gegenleistung oder eine vertraglich vereinbarte Teilzahlung erbracht haben. Anderenfalls ist die R\u00fccksendung f\u00fcr Sie kostenfrei.<\/p>\n<h4>\u00a7 6 Preise \/ Zahlungsbedingungen<\/h4>\n<p>(1) Es gelten die zum Zeitpunkt der Bestellung auf unserer Website aufgef\u00fchrten Preise. Alle Preise sind als Endkundenpreise inklusive der gesetzlichen Umsatzsteuer zum Zeitpunkt des Vertragsschlusses zu verstehen.<\/p>\n<p>(2) Die Zahlung der Ware erfolgt entweder mittels Vorkasse oder gem\u00e4\u00df separat getroffener Zahlungsvereinbarung.<\/p>\n<p>(3) Die Versandkosten sind auf unserer Webseite unter &#8220;Zahlung, Versand, Lieferung&#8221; ausgewiesen.<\/p>\n<h4>\u00a7 7 Lieferbedingungen \/ Gefahr\u00fcbergang<\/h4>\n<p>(1) Die Lieferzeit f\u00fcr die Warenauslieferung im Liefergebiet gem\u00e4\u00df \u00a7 1 betr\u00e4gt bis zu 14 Tage nach Gutschrift des Kaufpreises einschlie\u00dflich Versandkosten auf dem auf unserer Website bzw. in der per E-Mail versandten Auftragsbest\u00e4tigung aufgef\u00fchrten Konto.<\/p>\n<p>(2) Eine von Ihnen gewollte Versendung der bestellten Ware erfolgt auf Ihre Kosten. Bei Rechtsgesch\u00e4ften zwischen uns und Ihnen als Verbraucher geht die Leistungsgefahr im Falle einer Versendung erst mit \u00dcbergabe der Ware auf Sie \u00fcber oder wenn Sie sich mit der \u00dcbergabe in Annahmeverzug befinden. Bei Rechtsgesch\u00e4ften mit Unternehmen\/gewerblichen Kunden geht die Leistungsgefahr mit \u00dcbergabe der Ware an die zur Versendung bestimmte Person \u00fcber. Die Wahl des Versandweges und \u2013mittels ist uns \u00fcberlassen.<\/p>\n<p>(3) Teillieferungen sind zul\u00e4ssig und gelten als selbstst\u00e4ndige Lieferungen, au\u00dfer eine Teillieferung ist f\u00fcr Sie\u00a0 als Kunde nicht zumutbar. Hierdurch entstehende Mehrkosten werden Ihnen nicht in Rechnung gestellt.<\/p>\n<h4>\u00a7 8 Eigentumsvorbehalt<\/h4>\n<p>Bis zur vollst\u00e4ndigen Bezahlung des Kaufpreises bleibt die Ware in unserem Eigentum.<\/p>\n<h4>\u00a7 9 Mangelbeseitigung (Gew\u00e4hrleistung) \/ Haftung<\/h4>\n<p>(1) Es gelten die gesetzlichen Bestimmungen zur Mangelbeseitigung mit der Mangelbeseitigungsfrist von zwei Jahre ab Ablieferung.<\/p>\n<p>(2) Wir schlie\u00dfen unsere Haftung f\u00fcr leicht fahrl\u00e4ssige Pflichtverletzungen aus, sofern diese keine vertragswesentlichen Pflichten, Sch\u00e4den aus der Verletzung des Lebens, des K\u00f6rpers oder der Gesundheit oder Garantien betreffen oder Anspr\u00fcche nach dem Produkthaftungsgesetz ber\u00fchrt sind. Gleiches gilt f\u00fcr Pflichtverletzungen unserer Erf\u00fcllungsgehilfen.<\/p>\n<h4>\u00a7 10 Aufrechnung \/ Zur\u00fcckbehaltungsrecht<\/h4>\n<p>(1)<strong>\u00a0<\/strong>Ein Recht zur Aufrechnung steht Ihnen nur dann zu, wenn Ihre Gegenanspr\u00fcche rechtskr\u00e4ftig gerichtlich festgestellt oder unbestritten sind oder schriftlich durch uns anerkannt wurden.<\/p>\n<p>(2) Sie k\u00f6nnen ein Zur\u00fcckbehaltungsrecht nur aus\u00fcben, soweit die Anspr\u00fcche aus dem gleichen Vertragsverh\u00e4ltnis resultieren.<\/p>\n<h4>\u00a7 11 Anwendbares Recht \/ Gerichtsstand \/ Vertragssprache<\/h4>\n<p>(1) Diese AGB und auf ihrer Grundlage zwischen Ihnen und uns geschlossene Kaufvertr\u00e4ge unterliegen dem Recht der Bundesrepublik Deutschland unter Ausschluss des UN-Kaufrechts. Unber\u00fchrt bleiben zwingende Bestimmungen der Rechtsordnung des Staates, in dem Sie Ihren gew\u00f6hnlichen Aufenthalt haben.<\/p>\n<p>(2) Sofern Sie als Kunde \/ Kundin Kaufmann sind, eine juristische Person des \u00f6ffentlichen Rechts oder \u00f6ffentlich-rechtliches Sonderverm\u00f6gen oder keinen allgemeinen Gerichtsstand in Deutschland haben oder nach Vertragsschluss Ihren Wohnsitz ins Ausland verlegen oder Ihr Wohnsitz zum Zeitpunkt der Klageerhebung nicht bekannt ist, ist der Gerichtsstand f\u00fcr s\u00e4mtliche Vertr\u00e4ge, die unter Einbeziehung dieser AGB geschlossen werden, das f\u00fcr unseren Unternehmenssitz zust\u00e4ndige Gericht in Weil der Stadt (Deutschland).<\/p>\n<p>(3) Die Vertragssprache ist deutsch.<\/p>\n<h4>\u00a7 12 Schriftform \/ Sonstige Regelungen<\/h4>\n<p>(1) S\u00e4mtliche Vereinbarungen, die eine \u00c4nderung, Erg\u00e4nzung oder Konkretisierung dieser Vertragsbedingungen beinhalten, sowie besondere Zusicherungen und Abmachungen sind schriftlich niederzulegen.<\/p>\n<p>(2) Sollten einzelne Bestimmungen dieser AGB ganz oder teilweise unwirksam sein oder werden, so soll hierdurch die G\u00fcltigkeit der \u00fcbrigen Bestimmungen nicht ber\u00fchrt werden.<\/p>\n[hr]\n<h2>Kundeninformationen<\/h2>\n<h4>Informationen zur Zug\u00e4nglichmachung der Vertragsbestimmungen<\/h4>\n<p>Wir speichern den Vertragstext und senden Ihnen die Bestelldaten und unsere AGB per E-Mail zu. Die AGB k\u00f6nnen Sie jederzeit auch auf unserer Webseite einsehen. Ihre Bestelldaten sind aus Sicherheitsgr\u00fcnden nicht mehr \u00fcber das Internet zug\u00e4nglich.<\/p>\n<p>&nbsp;<\/p>\n<p>Stand: 21.10.2012<\/p>\n","protected":false},"excerpt":{"rendered":"<p>Allgemeine Gesch\u00e4ftsbedingungen und Kundeninformationen (Die nachstehenden AGB enthalten zugleich gesetzliche Informationen zu Ihren Rechten nach den Vorschriften \u00fcber Vertr\u00e4ge im Fernabsatz und im elektronischen Gesch\u00e4ftsverkehr.) Inhaltsverzeichnis: \u00a7 1 Geltungsbereich der AGB und Anbieter \u00a7 2 Vertragsgegenstand \u00a7 3\u00a0 Angebote \/ Produktpr\u00e4sentation \/ Zustandekommen des Vertrages \u00a7 4\u00a0 Informationspflichten des Kunden\/der Kundin \u00a7 5 \u00a0Widerrufsrecht f\u00fcr Verbraucher bei Bestellung per E-Mail &#8230; <\/p>\n<div><a href=\"https:\/\/wataaah.de\/en\/general-terms-and-conditions\/\" class=\"more-link\">Read More<\/a><\/div>\n","protected":false},"author":1,"featured_media":0,"parent":0,"menu_order":0,"comment_status":"closed","ping_status":"closed","template":"","meta":{"footnotes":""},"class_list":["post-1058","page","type-page","status-publish","hentry","no-post-thumbnail"],"aioseo_notices":[],"_links":{"self":[{"href":"https:\/\/wataaah.de\/en\/wp-json\/wp\/v2\/pages\/1058","targetHints":{"allow":["GET"]}}],"collection":[{"href":"https:\/\/wataaah.de\/en\/wp-json\/wp\/v2\/pages"}],"about":[{"href":"https:\/\/wataaah.de\/en\/wp-json\/wp\/v2\/types\/page"}],"author":[{"embeddable":true,"href":"https:\/\/wataaah.de\/en\/wp-json\/wp\/v2\/users\/1"}],"replies":[{"embeddable":true,"href":"https:\/\/wataaah.de\/en\/wp-json\/wp\/v2\/comments?post=1058"}],"version-history":[{"count":0,"href":"https:\/\/wataaah.de\/en\/wp-json\/wp\/v2\/pages\/1058\/revisions"}],"wp:attachment":[{"href":"https:\/\/wataaah.de\/en\/wp-json\/wp\/v2\/media?parent=1058"}],"curies":[{"name":"wp","href":"https:\/\/api.w.org\/{rel}","templated":true}]}}