{"id":1710,"date":"2013-06-27T12:57:45","date_gmt":"2013-06-27T10:57:45","guid":{"rendered":"http:\/\/wataaah.de\/?post_type=product&#038;p=1710"},"modified":"2016-07-05T11:12:17","modified_gmt":"2016-07-05T09:12:17","slug":"zavelstein","status":"publish","type":"product","link":"https:\/\/wataaah.de\/en\/product\/zavelstein\/","title":{"rendered":"Zavelstein"},"content":{"rendered":"<blockquote>Diese f\u00fcnf Zangen k\u00f6nnt Ihr je nach Wandneigund sehr pumpig einsetzen. Typisch f\u00fcr die Naturgriffe ist, dass Ihr beim Klettern erst ein bisschen suchen m\u00fcsst bevor Ihr die richtige Position auf diesen Griffen gefunden habt. Dann hei\u00dft es gut festhalten!<\/blockquote>\n<p><img loading=\"lazy\" decoding=\"async\" class=\"size-medium wp-image-148 alignright\" title=\"Jean-Claude\" alt=\"Jean-Claude\" src=\"http:\/\/wataaah.de\/wp-content\/uploads\/2012\/07\/routenschrauber-step10-137x300.png\" width=\"137\" height=\"300\" \/><\/p>\n","protected":false},"excerpt":{"rendered":"<p>Diese f\u00fcnf Zangen-Griffe wurden speziell daf\u00fcr entworfen um die Zangenkraft beim Klettern zu verbessern. Die Ausf\u00fchrung der Zangen variiert in der Breite sowie in der Gr\u00f6\u00dfe und St\u00e4rke des Hinterschnitts.<\/p>\n<p>Shaper: Jonas Hartmann<\/p>\n<p>&nbsp;<\/p>\n","protected":false},"featured_media":1415,"comment_status":"open","ping_status":"closed","template":"","meta":[],"product_brand":[],"product_cat":[111,109],"product_tag":[177,185,186,197,188,198],"class_list":{"0":"post-1710","1":"product","2":"type-product","3":"status-publish","4":"has-post-thumbnail","6":"product_cat-all-en","7":"product_cat-nature-en","8":"product_tag-all-en","9":"product_tag-l-en-2","10":"product_tag-m-en","11":"product_tag-nature-en","12":"product_tag-pinch-en","13":"product_tag-sloper-en","14":"product-tag-all-en","15":"product-tag-l-en-2","16":"product-tag-m-en","17":"product-tag-nature-en","18":"product-tag-pinch-en","19":"product-tag-sloper-en","22":"first","23":"instock","24":"sold-individually","25":"taxable","26":"shipping-taxable","27":"product-type-simple"},"aioseo_notices":[],"_links":{"self":[{"href":"https:\/\/wataaah.de\/en\/wp-json\/wp\/v2\/product\/1710","targetHints":{"allow":["GET"]}}],"collection":[{"href":"https:\/\/wataaah.de\/en\/wp-json\/wp\/v2\/product"}],"about":[{"href":"https:\/\/wataaah.de\/en\/wp-json\/wp\/v2\/types\/product"}],"replies":[{"embeddable":true,"href":"https:\/\/wataaah.de\/en\/wp-json\/wp\/v2\/comments?post=1710"}],"wp:featuredmedia":[{"embeddable":true,"href":"https:\/\/wataaah.de\/en\/wp-json\/wp\/v2\/media\/1415"}],"wp:attachment":[{"href":"https:\/\/wataaah.de\/en\/wp-json\/wp\/v2\/media?parent=1710"}],"wp:term":[{"taxonomy":"product_brand","embeddable":true,"href":"https:\/\/wataaah.de\/en\/wp-json\/wp\/v2\/product_brand?post=1710"},{"taxonomy":"product_cat","embeddable":true,"href":"https:\/\/wataaah.de\/en\/wp-json\/wp\/v2\/product_cat?post=1710"},{"taxonomy":"product_tag","embeddable":true,"href":"https:\/\/wataaah.de\/en\/wp-json\/wp\/v2\/product_tag?post=1710"}],"curies":[{"name":"wp","href":"https:\/\/api.w.org\/{rel}","templated":true}]}}