{"id":1711,"date":"2013-06-27T13:00:12","date_gmt":"2013-06-27T11:00:12","guid":{"rendered":"http:\/\/wataaah.de\/?post_type=product&#038;p=1711"},"modified":"2016-07-05T11:11:52","modified_gmt":"2016-07-05T09:11:52","slug":"rehgrundklinge","status":"publish","type":"product","link":"https:\/\/wataaah.de\/en\/product\/rehgrundklinge\/","title":{"rendered":"Rehgrundklinge"},"content":{"rendered":"<blockquote>Mit diesen hervorragenden Leisten k\u00f6nnt ihr diffiziele Bewegungsprobleme an die Wand zaubern. Dabei k\u00f6nnt Ihr die Griffe sowohl als Griffe wie auch Tritte einsetzen um die sch\u00f6nsten Bewegungen zu erzielen!<\/blockquote>\n<p><img loading=\"lazy\" decoding=\"async\" class=\"alignright\" title=\"Jean-Claude\" alt=\"Jean-Claude\" src=\"http:\/\/wataaah.de\/wp-content\/uploads\/2012\/07\/routenschrauber-step10-137x300.png\" width=\"137\" height=\"300\" \/><\/p>\n","protected":false},"excerpt":{"rendered":"<p>Dieses Set besteht aus f\u00fcnf exzellenten Leisten, wie sie in den bekannten Sandsteinklettergebieten vorkommen. Die Leisten varrieren in ihrer Ausf\u00fchrung von hinterschnitten bis absch\u00fcssig und unterscheiden sich in der Gr\u00f6\u00dfe der m\u00f6glichen Fingerauflagefl\u00e4che.<\/p>\n<p>Shaper: Jonas Hartmann<\/p>\n","protected":false},"featured_media":1407,"comment_status":"open","ping_status":"closed","template":"","meta":[],"product_brand":[],"product_cat":[111,109],"product_tag":[177,115,186,197],"class_list":{"0":"post-1711","1":"product","2":"type-product","3":"status-publish","4":"has-post-thumbnail","6":"product_cat-all-en","7":"product_cat-nature-en","8":"product_tag-all-en","9":"product_tag-crimp-en","10":"product_tag-m-en","11":"product_tag-nature-en","12":"product-tag-all-en","13":"product-tag-crimp-en","14":"product-tag-m-en","15":"product-tag-nature-en","18":"first","19":"instock","20":"sold-individually","21":"taxable","22":"shipping-taxable","23":"product-type-simple"},"aioseo_notices":[],"_links":{"self":[{"href":"https:\/\/wataaah.de\/en\/wp-json\/wp\/v2\/product\/1711","targetHints":{"allow":["GET"]}}],"collection":[{"href":"https:\/\/wataaah.de\/en\/wp-json\/wp\/v2\/product"}],"about":[{"href":"https:\/\/wataaah.de\/en\/wp-json\/wp\/v2\/types\/product"}],"replies":[{"embeddable":true,"href":"https:\/\/wataaah.de\/en\/wp-json\/wp\/v2\/comments?post=1711"}],"wp:featuredmedia":[{"embeddable":true,"href":"https:\/\/wataaah.de\/en\/wp-json\/wp\/v2\/media\/1407"}],"wp:attachment":[{"href":"https:\/\/wataaah.de\/en\/wp-json\/wp\/v2\/media?parent=1711"}],"wp:term":[{"taxonomy":"product_brand","embeddable":true,"href":"https:\/\/wataaah.de\/en\/wp-json\/wp\/v2\/product_brand?post=1711"},{"taxonomy":"product_cat","embeddable":true,"href":"https:\/\/wataaah.de\/en\/wp-json\/wp\/v2\/product_cat?post=1711"},{"taxonomy":"product_tag","embeddable":true,"href":"https:\/\/wataaah.de\/en\/wp-json\/wp\/v2\/product_tag?post=1711"}],"curies":[{"name":"wp","href":"https:\/\/api.w.org\/{rel}","templated":true}]}}