{"id":1712,"date":"2013-06-27T12:52:03","date_gmt":"2013-06-27T10:52:03","guid":{"rendered":"http:\/\/wataaah.de\/?post_type=product&#038;p=1712"},"modified":"2016-07-05T11:12:36","modified_gmt":"2016-07-05T09:12:36","slug":"fuchsklinge","status":"publish","type":"product","link":"https:\/\/wataaah.de\/en\/product\/fuchsklinge\/","title":{"rendered":"Fuchsklinge"},"content":{"rendered":"<blockquote>Diese Leisten m\u00fcsst Ihr mit Euren Fingern erkunden um die richtige Greifposition zu finden. Sie f\u00fchlen sich in senkrechten und leicht \u00fcberh\u00e4ngenden W\u00e4nden am wohlsten!<\/blockquote>\n<p><img loading=\"lazy\" decoding=\"async\" class=\"alignright\" title=\"Jean-Claude\" alt=\"Jean-Claude\" src=\"http:\/\/wataaah.de\/wp-content\/uploads\/2012\/07\/routenschrauber-step10-137x300.png\" width=\"137\" height=\"300\" \/><\/p>\n","protected":false},"excerpt":{"rendered":"<p>Dieses Set besteht aus 4 gro\u00dfen, leistigen Griffen. Diese unterscheiden sich in der Textur und dem Hinterschnitt.<\/p>\n<p>Shaper: Jonas Hartmann<\/p>\n","protected":false},"featured_media":1392,"comment_status":"open","ping_status":"closed","template":"","meta":[],"product_brand":[],"product_cat":[111,109],"product_tag":[177,115,185,197,189],"class_list":{"0":"post-1712","1":"product","2":"type-product","3":"status-publish","4":"has-post-thumbnail","6":"product_cat-all-en","7":"product_cat-nature-en","8":"product_tag-all-en","9":"product_tag-crimp-en","10":"product_tag-l-en-2","11":"product_tag-nature-en","12":"product_tag-xl-en","13":"product-tag-all-en","14":"product-tag-crimp-en","15":"product-tag-l-en-2","16":"product-tag-nature-en","17":"product-tag-xl-en","20":"first","21":"instock","22":"sold-individually","23":"taxable","24":"shipping-taxable","25":"product-type-simple"},"aioseo_notices":[],"_links":{"self":[{"href":"https:\/\/wataaah.de\/en\/wp-json\/wp\/v2\/product\/1712","targetHints":{"allow":["GET"]}}],"collection":[{"href":"https:\/\/wataaah.de\/en\/wp-json\/wp\/v2\/product"}],"about":[{"href":"https:\/\/wataaah.de\/en\/wp-json\/wp\/v2\/types\/product"}],"replies":[{"embeddable":true,"href":"https:\/\/wataaah.de\/en\/wp-json\/wp\/v2\/comments?post=1712"}],"wp:featuredmedia":[{"embeddable":true,"href":"https:\/\/wataaah.de\/en\/wp-json\/wp\/v2\/media\/1392"}],"wp:attachment":[{"href":"https:\/\/wataaah.de\/en\/wp-json\/wp\/v2\/media?parent=1712"}],"wp:term":[{"taxonomy":"product_brand","embeddable":true,"href":"https:\/\/wataaah.de\/en\/wp-json\/wp\/v2\/product_brand?post=1712"},{"taxonomy":"product_cat","embeddable":true,"href":"https:\/\/wataaah.de\/en\/wp-json\/wp\/v2\/product_cat?post=1712"},{"taxonomy":"product_tag","embeddable":true,"href":"https:\/\/wataaah.de\/en\/wp-json\/wp\/v2\/product_tag?post=1712"}],"curies":[{"name":"wp","href":"https:\/\/api.w.org\/{rel}","templated":true}]}}