{"id":2126,"date":"2013-11-25T23:08:28","date_gmt":"2013-11-25T21:08:28","guid":{"rendered":"http:\/\/wataaah.de\/?post_type=product&#038;p=2126"},"modified":"2013-11-25T23:08:29","modified_gmt":"2013-11-25T21:08:29","slug":"kentheim-2","status":"publish","type":"product","link":"https:\/\/wataaah.de\/en\/product\/kentheim-2\/","title":{"rendered":"Kentheim"},"content":{"rendered":"<blockquote> Mit einem zus\u00e4ztlich verschraubten Griff umschifft man so manches &#8220;Gr\u00f6\u00dfenproblem&#8221;! Diese 15 Naturetritte\/-griffe bieten Dir gen\u00fcgend M\u00f6glichkeiten um Deiner Routen den letzten Schliff zu geben!<\/blockquote>\n<p><img loading=\"lazy\" decoding=\"async\" class=\"alignright\" title=\"Jean-Claude\" alt=\"Jean-Claude\" src=\"http:\/\/wataaah.de\/wp-content\/uploads\/2012\/07\/routenschrauber-step10-137x300.png\" width=\"137\" height=\"300\" \/><\/p>\n","protected":false},"excerpt":{"rendered":"<p>Das Kentheim Set besteht aus 15 besten Tritten. In schwereren Routen und Bouldern kann dieses Set auch als Griffe verwendet werden.<\/p>\n","protected":false},"featured_media":2098,"comment_status":"open","ping_status":"closed","template":"","meta":[],"product_brand":[],"product_cat":[111,109],"product_tag":[177,115,118,197,202],"class_list":{"0":"post-2126","1":"product","2":"type-product","3":"status-publish","4":"has-post-thumbnail","6":"product_cat-all-en","7":"product_cat-nature-en","8":"product_tag-all-en","9":"product_tag-crimp-en","10":"product_tag-foot-en","11":"product_tag-nature-en","12":"product_tag-s-en","13":"product-tag-all-en","14":"product-tag-crimp-en","15":"product-tag-foot-en","16":"product-tag-nature-en","17":"product-tag-s-en","20":"first","21":"instock","22":"sold-individually","23":"taxable","24":"shipping-taxable","25":"product-type-simple"},"aioseo_notices":[],"_links":{"self":[{"href":"https:\/\/wataaah.de\/en\/wp-json\/wp\/v2\/product\/2126","targetHints":{"allow":["GET"]}}],"collection":[{"href":"https:\/\/wataaah.de\/en\/wp-json\/wp\/v2\/product"}],"about":[{"href":"https:\/\/wataaah.de\/en\/wp-json\/wp\/v2\/types\/product"}],"replies":[{"embeddable":true,"href":"https:\/\/wataaah.de\/en\/wp-json\/wp\/v2\/comments?post=2126"}],"wp:featuredmedia":[{"embeddable":true,"href":"https:\/\/wataaah.de\/en\/wp-json\/wp\/v2\/media\/2098"}],"wp:attachment":[{"href":"https:\/\/wataaah.de\/en\/wp-json\/wp\/v2\/media?parent=2126"}],"wp:term":[{"taxonomy":"product_brand","embeddable":true,"href":"https:\/\/wataaah.de\/en\/wp-json\/wp\/v2\/product_brand?post=2126"},{"taxonomy":"product_cat","embeddable":true,"href":"https:\/\/wataaah.de\/en\/wp-json\/wp\/v2\/product_cat?post=2126"},{"taxonomy":"product_tag","embeddable":true,"href":"https:\/\/wataaah.de\/en\/wp-json\/wp\/v2\/product_tag?post=2126"}],"curies":[{"name":"wp","href":"https:\/\/api.w.org\/{rel}","templated":true}]}}