{"id":3212,"date":"2012-10-17T16:53:54","date_gmt":"2012-10-17T14:53:54","guid":{"rendered":"http:\/\/wataaah.de\/en\/?post_type=product&#038;p=3212"},"modified":"2017-05-29T16:54:15","modified_gmt":"2017-05-29T14:54:15","slug":"wimberg","status":"publish","type":"product","link":"https:\/\/wataaah.de\/en\/product\/wimberg\/","title":{"rendered":"Wimberg"},"content":{"rendered":"<blockquote> \u00a0Mit Diesen Griffen k\u00f6nnt Ihr auch in schwereren Routen Rastpunkte einbauen. <\/blockquote>\n<p><img loading=\"lazy\" decoding=\"async\" class=\"alignright\" title=\"Jean-Claude\" src=\"http:\/\/wataaah.de\/wp-content\/uploads\/2012\/07\/routenschrauber-step10-137x300.png\" alt=\"Jean-Claude\" width=\"137\" height=\"300\" \/><\/p>\n","protected":false},"excerpt":{"rendered":"<p>F\u00fcr das Nature-Feeling. Sechs wundersch\u00f6n texturierte, gro\u00dfe Henkel f\u00fcr die ganze Wand.<\/p>\n<p>Shaper: Jonas Hartmann<\/p>\n","protected":false},"featured_media":1601,"comment_status":"open","ping_status":"closed","template":"","meta":[],"product_brand":[],"product_cat":[111,109],"product_tag":[177,184,122,185,186,197],"class_list":{"0":"post-3212","1":"product","2":"type-product","3":"status-publish","4":"has-post-thumbnail","6":"product_cat-all-en","7":"product_cat-nature-en","8":"product_tag-all-en","9":"product_tag-incut-en-2","10":"product_tag-jug-en","11":"product_tag-l-en-2","12":"product_tag-m-en","13":"product_tag-nature-en","14":"product-tag-all-en","15":"product-tag-incut-en-2","16":"product-tag-jug-en","17":"product-tag-l-en-2","18":"product-tag-m-en","19":"product-tag-nature-en","22":"first","23":"instock","24":"sold-individually","25":"taxable","26":"shipping-taxable","27":"product-type-simple"},"aioseo_notices":[],"_links":{"self":[{"href":"https:\/\/wataaah.de\/en\/wp-json\/wp\/v2\/product\/3212","targetHints":{"allow":["GET"]}}],"collection":[{"href":"https:\/\/wataaah.de\/en\/wp-json\/wp\/v2\/product"}],"about":[{"href":"https:\/\/wataaah.de\/en\/wp-json\/wp\/v2\/types\/product"}],"replies":[{"embeddable":true,"href":"https:\/\/wataaah.de\/en\/wp-json\/wp\/v2\/comments?post=3212"}],"wp:featuredmedia":[{"embeddable":true,"href":"https:\/\/wataaah.de\/en\/wp-json\/wp\/v2\/media\/1601"}],"wp:attachment":[{"href":"https:\/\/wataaah.de\/en\/wp-json\/wp\/v2\/media?parent=3212"}],"wp:term":[{"taxonomy":"product_brand","embeddable":true,"href":"https:\/\/wataaah.de\/en\/wp-json\/wp\/v2\/product_brand?post=3212"},{"taxonomy":"product_cat","embeddable":true,"href":"https:\/\/wataaah.de\/en\/wp-json\/wp\/v2\/product_cat?post=3212"},{"taxonomy":"product_tag","embeddable":true,"href":"https:\/\/wataaah.de\/en\/wp-json\/wp\/v2\/product_tag?post=3212"}],"curies":[{"name":"wp","href":"https:\/\/api.w.org\/{rel}","templated":true}]}}