{"id":3214,"date":"2012-10-17T17:06:13","date_gmt":"2012-10-17T15:06:13","guid":{"rendered":"http:\/\/wataaah.de\/en\/?post_type=product&#038;p=3214"},"modified":"2017-05-29T17:06:32","modified_gmt":"2017-05-29T15:06:32","slug":"moenchgrund","status":"publish","type":"product","link":"https:\/\/wataaah.de\/en\/product\/moenchgrund\/","title":{"rendered":"M\u00f6nchgrund"},"content":{"rendered":"<blockquote> Wenn Ihr diese Griffe nicht waagerecht sondern leicht schr\u00e4g schraubt k\u00f6nnt Ihr diese Griffe auch als sehr kniffelige Zangen verwenden. <\/blockquote>\n<p><img loading=\"lazy\" decoding=\"async\" class=\"alignright\" title=\"Jean-Claude\" src=\"http:\/\/wataaah.de\/wp-content\/uploads\/2012\/07\/routenschrauber-step10-137x300.png\" alt=\"Jean-Claude\" width=\"137\" height=\"300\" \/><\/p>\n","protected":false},"excerpt":{"rendered":"<p>Dieses sch\u00f6n texturierte Set besteht aus drei Griffen, wovon der Gr\u00f6\u00dfte mehrere Leisten mit unterschiedlicher Beschaffenheit aufweist. Die beiden kleineren Griffe haben ebenfalls eine Leiste, k\u00f6nnen aber auch sehr gut als Zange verschraubt werden.<\/p>\n<p>Shaper: Jonas Hartmann<\/p>\n","protected":false},"featured_media":2968,"comment_status":"open","ping_status":"closed","template":"","meta":[],"product_brand":[],"product_cat":[111,109],"product_tag":[177,115,185,197,188],"class_list":{"0":"post-3214","1":"product","2":"type-product","3":"status-publish","4":"has-post-thumbnail","6":"product_cat-all-en","7":"product_cat-nature-en","8":"product_tag-all-en","9":"product_tag-crimp-en","10":"product_tag-l-en-2","11":"product_tag-nature-en","12":"product_tag-pinch-en","13":"product-tag-all-en","14":"product-tag-crimp-en","15":"product-tag-l-en-2","16":"product-tag-nature-en","17":"product-tag-pinch-en","20":"first","21":"instock","22":"sold-individually","23":"taxable","24":"shipping-taxable","25":"product-type-simple"},"aioseo_notices":[],"_links":{"self":[{"href":"https:\/\/wataaah.de\/en\/wp-json\/wp\/v2\/product\/3214","targetHints":{"allow":["GET"]}}],"collection":[{"href":"https:\/\/wataaah.de\/en\/wp-json\/wp\/v2\/product"}],"about":[{"href":"https:\/\/wataaah.de\/en\/wp-json\/wp\/v2\/types\/product"}],"replies":[{"embeddable":true,"href":"https:\/\/wataaah.de\/en\/wp-json\/wp\/v2\/comments?post=3214"}],"wp:featuredmedia":[{"embeddable":true,"href":"https:\/\/wataaah.de\/en\/wp-json\/wp\/v2\/media\/2968"}],"wp:attachment":[{"href":"https:\/\/wataaah.de\/en\/wp-json\/wp\/v2\/media?parent=3214"}],"wp:term":[{"taxonomy":"product_brand","embeddable":true,"href":"https:\/\/wataaah.de\/en\/wp-json\/wp\/v2\/product_brand?post=3214"},{"taxonomy":"product_cat","embeddable":true,"href":"https:\/\/wataaah.de\/en\/wp-json\/wp\/v2\/product_cat?post=3214"},{"taxonomy":"product_tag","embeddable":true,"href":"https:\/\/wataaah.de\/en\/wp-json\/wp\/v2\/product_tag?post=3214"}],"curies":[{"name":"wp","href":"https:\/\/api.w.org\/{rel}","templated":true}]}}