{"id":3216,"date":"2012-10-17T17:15:32","date_gmt":"2012-10-17T15:15:32","guid":{"rendered":"http:\/\/wataaah.de\/en\/?post_type=product&#038;p=3216"},"modified":"2017-05-29T17:15:54","modified_gmt":"2017-05-29T15:15:54","slug":"ernstmuehl","status":"publish","type":"product","link":"https:\/\/wataaah.de\/en\/product\/ernstmuehl\/","title":{"rendered":"Ernstm\u00fchl"},"content":{"rendered":"<blockquote> Diese Griffe bieten mehrere Belastungsrichtungen und Greifpositionen. Sie eignen sich somit auch sehr gut f\u00fcr den Boulderbereich. <\/blockquote>\n<p><img loading=\"lazy\" decoding=\"async\" class=\"alignright\" title=\"Jean-Claude\" src=\"http:\/\/wataaah.de\/wp-content\/uploads\/2012\/07\/routenschrauber-step10-137x300.png\" alt=\"Jean-Claude\" width=\"137\" height=\"300\" \/><\/p>\n","protected":false},"excerpt":{"rendered":"<p>Diese vier gro\u00dfen Griffe \u00a0k\u00f6nnen sowohl als gro\u00dfe Zangen oder auch als Leisten vielseitig eingesetzt werden. Sei es f\u00fcr steile Routen oder den Anf\u00e4ngerbereich, als Rastpunkt oder auch f\u00fcr pumpige Schulterz\u00fcge. Ernstm\u00fchl macht wirklich Spass!<\/p>\n<p>Shaper: Jonas Hartmann<\/p>\n","protected":false},"featured_media":1532,"comment_status":"open","ping_status":"closed","template":"","meta":[],"product_brand":[],"product_cat":[111,109],"product_tag":[177,115,119,197,188,189],"class_list":{"0":"post-3216","1":"product","2":"type-product","3":"status-publish","4":"has-post-thumbnail","6":"product_cat-all-en","7":"product_cat-nature-en","8":"product_tag-all-en","9":"product_tag-crimp-en","10":"product_tag-hollowback-en","11":"product_tag-nature-en","12":"product_tag-pinch-en","13":"product_tag-xl-en","14":"product-tag-all-en","15":"product-tag-crimp-en","16":"product-tag-hollowback-en","17":"product-tag-nature-en","18":"product-tag-pinch-en","19":"product-tag-xl-en","22":"first","23":"instock","24":"sold-individually","25":"taxable","26":"shipping-taxable","27":"product-type-simple"},"aioseo_notices":[],"_links":{"self":[{"href":"https:\/\/wataaah.de\/en\/wp-json\/wp\/v2\/product\/3216","targetHints":{"allow":["GET"]}}],"collection":[{"href":"https:\/\/wataaah.de\/en\/wp-json\/wp\/v2\/product"}],"about":[{"href":"https:\/\/wataaah.de\/en\/wp-json\/wp\/v2\/types\/product"}],"replies":[{"embeddable":true,"href":"https:\/\/wataaah.de\/en\/wp-json\/wp\/v2\/comments?post=3216"}],"wp:featuredmedia":[{"embeddable":true,"href":"https:\/\/wataaah.de\/en\/wp-json\/wp\/v2\/media\/1532"}],"wp:attachment":[{"href":"https:\/\/wataaah.de\/en\/wp-json\/wp\/v2\/media?parent=3216"}],"wp:term":[{"taxonomy":"product_brand","embeddable":true,"href":"https:\/\/wataaah.de\/en\/wp-json\/wp\/v2\/product_brand?post=3216"},{"taxonomy":"product_cat","embeddable":true,"href":"https:\/\/wataaah.de\/en\/wp-json\/wp\/v2\/product_cat?post=3216"},{"taxonomy":"product_tag","embeddable":true,"href":"https:\/\/wataaah.de\/en\/wp-json\/wp\/v2\/product_tag?post=3216"}],"curies":[{"name":"wp","href":"https:\/\/api.w.org\/{rel}","templated":true}]}}