{"id":3466,"date":"2018-11-08T15:36:47","date_gmt":"2018-11-08T13:36:47","guid":{"rendered":"http:\/\/wataaah.de\/produkte\/tokyo-powder-black\/"},"modified":"2019-01-21T11:24:21","modified_gmt":"2019-01-21T09:24:21","slug":"tokyo-powder-black","status":"publish","type":"product","link":"https:\/\/wataaah.de\/en\/product\/tokyo-powder-black\/","title":{"rendered":"TOKYO Powder &#8211; Black"},"content":{"rendered":"<blockquote> Das beste Allround-Chalk f\u00fcr die unterschiedlichsten Bedingungen.<\/blockquote>\n<p><img loading=\"lazy\" decoding=\"async\" class=\"alignright\" title=\"Jean-Claude\" src=\"http:\/\/wataaah.de\/wp-content\/uploads\/2012\/07\/routenschrauber-step10-137x300.png\" alt=\"Jean-Claude\" width=\"137\" height=\"300\" \/><\/p>\n","protected":false},"excerpt":{"rendered":"<p>Das <strong>BLACK<\/strong> Chalk von <strong>Tokyo Powder<\/strong> besteht aus Magnesium Carbonate. Dieses wurde mit einem speziellen, feuchtigkeitsreduzierenden und lebensmittelechten Zusatz kombiniert.<\/p>\n<p>Verschiedenste Versuchsreihen mit der Formel des <strong>BLACK<\/strong> Chalks haben ergeben, dass dieses Chalk die H\u00e4nde deutlich l\u00e4nger trocken h\u00e4lt als andere Chalks und dabei exzellente Reibungswerte bietet!<\/p>\n<p>Wir haben das <strong>BLACK<\/strong> Chalk in den unterschiedlichsten Bedingungen getestet. Nach Regen, bei extrem trocken Bedingungen im Winter, bei hoher Luftfeuchtigkeit, Indoor und Outdoor.<\/p>\n<p>Durch seine Vielseitigkeit ist dieses Allround-Chalk f\u00fcr viele unserer Athleten die erste Wahl, da sie auf Ihren Klettertrips rund um die Welt den unterschiedlichsten Bedingungen begegnen und so optimal ausger\u00fcstet sind.<\/p>\n<p>Die K\u00f6rnung des <strong>BLACK<\/strong> Chalks ist recht fein, wodurch es sehr gut und schnell an den H\u00e4nden haftet. Somit kannst Du Dich darauf konzentrieren Dein Bestes zu geben anstatt dich mit dem Nachchalken zu besch\u00e4ftigen.<\/p>\n<p>Durch unsere Versuche haben wir festgestellt, dass auch Chalk im Allgemeinen altern und mit der Zeit die Wirkung nachlassen kann. Aus diesem Grund haben die Big Pack (330g) Verpackungen von <strong>TOKYO Powder<\/strong> ein Einwegventil. So kann die Luft aus der Packung herausgedr\u00fcckt werden und das Chalk bleibt l\u00e4nger frisch! Zudem kann die Packung durch das Ventil nicht so leicht aufplatzen.<\/p>\n<p><strong>Verf\u00fcgbar in folgenden Packungsgr\u00f6\u00dfen:<\/strong> <strong>135 g<\/strong> (GTIN 4260609060270), <strong>330 g<\/strong> (GTIN 7640170187007)<\/p>\n","protected":false},"featured_media":3473,"comment_status":"closed","ping_status":"closed","template":"","meta":[],"product_brand":[],"product_cat":[130,179,240],"product_tag":[220,222,223,219],"class_list":{"0":"post-3466","1":"product","2":"type-product","3":"status-publish","4":"has-post-thumbnail","6":"product_cat-alle","7":"product_cat-klimm-bim","8":"product_cat-tokyo_powder","9":"product_tag-chalk","10":"product_tag-skin","11":"product_tag-tokyopowder","12":"product_tag-winterkollektion-18-19","13":"product-tag-chalk","14":"product-tag-skin","15":"product-tag-tokyopowder","16":"product-tag-winterkollektion-18-19","19":"first","20":"instock","21":"sold-individually","22":"taxable","23":"shipping-taxable","24":"product-type-simple"},"aioseo_notices":[],"_links":{"self":[{"href":"https:\/\/wataaah.de\/en\/wp-json\/wp\/v2\/product\/3466","targetHints":{"allow":["GET"]}}],"collection":[{"href":"https:\/\/wataaah.de\/en\/wp-json\/wp\/v2\/product"}],"about":[{"href":"https:\/\/wataaah.de\/en\/wp-json\/wp\/v2\/types\/product"}],"replies":[{"embeddable":true,"href":"https:\/\/wataaah.de\/en\/wp-json\/wp\/v2\/comments?post=3466"}],"wp:featuredmedia":[{"embeddable":true,"href":"https:\/\/wataaah.de\/en\/wp-json\/wp\/v2\/media\/3473"}],"wp:attachment":[{"href":"https:\/\/wataaah.de\/en\/wp-json\/wp\/v2\/media?parent=3466"}],"wp:term":[{"taxonomy":"product_brand","embeddable":true,"href":"https:\/\/wataaah.de\/en\/wp-json\/wp\/v2\/product_brand?post=3466"},{"taxonomy":"product_cat","embeddable":true,"href":"https:\/\/wataaah.de\/en\/wp-json\/wp\/v2\/product_cat?post=3466"},{"taxonomy":"product_tag","embeddable":true,"href":"https:\/\/wataaah.de\/en\/wp-json\/wp\/v2\/product_tag?post=3466"}],"curies":[{"name":"wp","href":"https:\/\/api.w.org\/{rel}","templated":true}]}}