{"id":3467,"date":"2018-11-08T15:40:35","date_gmt":"2018-11-08T13:40:35","guid":{"rendered":"http:\/\/wataaah.de\/produkte\/tokyo-powder-speed\/"},"modified":"2019-01-21T11:24:06","modified_gmt":"2019-01-21T09:24:06","slug":"tokyo-powder-speed","status":"publish","type":"product","link":"https:\/\/wataaah.de\/en\/product\/tokyo-powder-speed\/","title":{"rendered":"TOKYO Powder &#8211; Speed"},"content":{"rendered":"<blockquote> Das einzigartige Chalk das Deine Konzentration steigert und Deinen Fokus sch\u00e4rft.<\/blockquote>\n<p><img loading=\"lazy\" decoding=\"async\" class=\"alignright\" title=\"Jean-Claude\" src=\"http:\/\/wataaah.de\/wp-content\/uploads\/2012\/07\/routenschrauber-step10-137x300.png\" alt=\"Jean-Claude\" width=\"137\" height=\"300\" \/><\/p>\n","protected":false},"excerpt":{"rendered":"<p>Das <strong>SPEED<\/strong> Chalk von TOKYO Powder kombiniert exzellente Reibungseigenschaften mit einer Duftmischung aus Eukalyptus, Zitronengras und Pfefferminz. Dies hat den Effekt hat, dass Deine Konzentration gesteigert wird und Du Dich ausgeglichener und wacher f\u00fchlst.<\/p>\n<p>Dar\u00fcber hinaus ist die Wirkung von Eukalyptus als Insektenschutzmittel, als Heilmittel in der Medizin und auch seine konzentrationsf\u00f6rdernde Wirkung schon l\u00e4nger bekannt.<\/p>\n<p>In Klettersituationen in denen Du pl\u00f6tzlich z\u00f6gerst und eingesch\u00fcchtert bist, hilft Dir der Geruch des <strong>SPEED<\/strong> Chalks diese Bedenken beiseite zu schieben und Dich selbstbewusst auf die schwierigen Z\u00fcge zu konzentrieren!<\/p>\n<p>Die Kombination der drei Duftstoffe ergibt auch ein leichtes W\u00e4rmegef\u00fchl.<\/p>\n<p>Durch unsere Versuche haben wir festgestellt, dass auch Chalk im Allgemeinen altern und mit der Zeit die Wirkung nachlassen kann. Aus diesem Grund haben die Big Pack (330g) Verpackungen von <strong>TOKYO Powder<\/strong> ein Einwegventil. So kann die Luft aus der Packung herausgedr\u00fcckt werden und das Chalk bleibt l\u00e4nger frisch! Zudem kann die Packung durch das Ventil nicht so leicht aufplatzen.<\/p>\n<p>&nbsp;<\/p>\n<p>Verf\u00fcgbar in folgenden Packungsgr\u00f6\u00dfen:<\/p>\n<ul>\n<li>135 g (GTIN\u00a04260609060300)<\/li>\n<li>330 g (GTIN\u00a07640170187021)<\/li>\n<\/ul>\n","protected":false},"featured_media":3491,"comment_status":"closed","ping_status":"closed","template":"","meta":[],"product_brand":[],"product_cat":[130,179,240],"product_tag":[220,99,222,223,219],"class_list":{"0":"post-3467","1":"product","2":"type-product","3":"status-publish","4":"has-post-thumbnail","6":"product_cat-alle","7":"product_cat-klimm-bim","8":"product_cat-tokyo_powder","9":"product_tag-chalk","10":"product_tag-new","11":"product_tag-skin","12":"product_tag-tokyopowder","13":"product_tag-winterkollektion-18-19","14":"product-tag-chalk","15":"product-tag-new","16":"product-tag-skin","17":"product-tag-tokyopowder","18":"product-tag-winterkollektion-18-19","21":"first","22":"instock","23":"sold-individually","24":"taxable","25":"shipping-taxable","26":"product-type-simple"},"aioseo_notices":[],"_links":{"self":[{"href":"https:\/\/wataaah.de\/en\/wp-json\/wp\/v2\/product\/3467","targetHints":{"allow":["GET"]}}],"collection":[{"href":"https:\/\/wataaah.de\/en\/wp-json\/wp\/v2\/product"}],"about":[{"href":"https:\/\/wataaah.de\/en\/wp-json\/wp\/v2\/types\/product"}],"replies":[{"embeddable":true,"href":"https:\/\/wataaah.de\/en\/wp-json\/wp\/v2\/comments?post=3467"}],"wp:featuredmedia":[{"embeddable":true,"href":"https:\/\/wataaah.de\/en\/wp-json\/wp\/v2\/media\/3491"}],"wp:attachment":[{"href":"https:\/\/wataaah.de\/en\/wp-json\/wp\/v2\/media?parent=3467"}],"wp:term":[{"taxonomy":"product_brand","embeddable":true,"href":"https:\/\/wataaah.de\/en\/wp-json\/wp\/v2\/product_brand?post=3467"},{"taxonomy":"product_cat","embeddable":true,"href":"https:\/\/wataaah.de\/en\/wp-json\/wp\/v2\/product_cat?post=3467"},{"taxonomy":"product_tag","embeddable":true,"href":"https:\/\/wataaah.de\/en\/wp-json\/wp\/v2\/product_tag?post=3467"}],"curies":[{"name":"wp","href":"https:\/\/api.w.org\/{rel}","templated":true}]}}