{"id":3469,"date":"2018-11-08T15:43:55","date_gmt":"2018-11-08T13:43:55","guid":{"rendered":"http:\/\/wataaah.de\/produkte\/tokyo-powder-rx\/"},"modified":"2019-01-21T11:23:40","modified_gmt":"2019-01-21T09:23:40","slug":"tokyo-powder-rx","status":"publish","type":"product","link":"https:\/\/wataaah.de\/en\/product\/tokyo-powder-rx\/","title":{"rendered":"TOKYO Powder &#8211; RX"},"content":{"rendered":"<blockquote> Bestes Chalk f\u00fcr die Halle und f\u00fcr hei\u00dfe Bedingungen.<\/blockquote>\n<p><img loading=\"lazy\" decoding=\"async\" class=\"alignright\" title=\"Jean-Claude\" src=\"http:\/\/wataaah.de\/wp-content\/uploads\/2012\/07\/routenschrauber-step10-137x300.png\" alt=\"Jean-Claude\" width=\"137\" height=\"300\" \/><\/p>\n","protected":false},"excerpt":{"rendered":"<p>Das <strong>RX<\/strong> Chalk von Tokyo Powder ist derzeit das Beste was die Entwickler von TOKYO Powder an Hochleistungs Reibungschalk hervorgebracht haben! Es verbindet quasi die Eigenschaften von <strong>BOOST<\/strong> und <strong>BLACK<\/strong>.<\/p>\n<p>Gerade auf sehr glattem Gestein mit sehr geringer Reibung oder auch auf Kunstgriffen in der Halle, bietet das <strong>RX Chalk<\/strong> eine unglaubliche Reibung. Verst\u00e4rken l\u00e4sst sich dies noch in Verbindung mit <strong>BOOST<\/strong> als Basis Schicht.<\/p>\n<p>Durch die hohe Effektivit\u00e4t der <strong>RX Formel<\/strong> ben\u00f6tigt man nur sehr wenig Chalk um den besten Grip zu bekommen. So h\u00e4lt die Packung deutlich l\u00e4nger als bei anderen Chalks.<\/p>\n<p>Seit Beginn verwenden Miho Nonaka (Gewinnerin des Gesamt Boulder Weltcup 2018), Rei Sugimoto (Dritter des Gesamt Boulder Weltcup 2018) und Futaba Ito (Asienmeisterin im Bouldern 2018) dieses Chalk im Wettkampf und sind von den Reibungseigenschaften auf Kunstgriffen begeistert!<\/p>\n<p>Gerade bei etwas h\u00f6heren Temperaturen und auch h\u00f6herer Luftfeuchte spielt dieses Chalk seine volle St\u00e4rke aus!<\/p>\n<p>Obwohl man auf den ersten Eindruck das Gef\u00fchl hat dass das <strong>RX<\/strong> Chalk schneller wieder von den H\u00e4nden geht bleibt die gute Reibung deutlich l\u00e4nger erhalten.<\/p>\n<p>Somit wurde das Entwicklungsziel, ein Chalk herzustellen das beste Reibeigenschaften bei m\u00f6glichst geringem Verbrauch bietet, erreicht!<\/p>\n<p>Die K\u00f6rnung des <strong>RX<\/strong> Chalks ist dabei etwas gr\u00f6ber als die des eher feinen <strong>BLACK<\/strong> Chalks.<\/p>\n<p>&nbsp;<\/p>\n<p>Verf\u00fcgbar in folgenden Packungsgr\u00f6\u00dfen: 150 g<\/p>\n<p>GTIN\u00a04260609060287<\/p>\n","protected":false},"featured_media":3489,"comment_status":"closed","ping_status":"closed","template":"","meta":[],"product_brand":[],"product_cat":[130,179,240],"product_tag":[220,99,222,223,219],"class_list":{"0":"post-3469","1":"product","2":"type-product","3":"status-publish","4":"has-post-thumbnail","6":"product_cat-alle","7":"product_cat-klimm-bim","8":"product_cat-tokyo_powder","9":"product_tag-chalk","10":"product_tag-new","11":"product_tag-skin","12":"product_tag-tokyopowder","13":"product_tag-winterkollektion-18-19","14":"product-tag-chalk","15":"product-tag-new","16":"product-tag-skin","17":"product-tag-tokyopowder","18":"product-tag-winterkollektion-18-19","21":"first","22":"instock","23":"sold-individually","24":"taxable","25":"shipping-taxable","26":"product-type-simple"},"aioseo_notices":[],"_links":{"self":[{"href":"https:\/\/wataaah.de\/en\/wp-json\/wp\/v2\/product\/3469","targetHints":{"allow":["GET"]}}],"collection":[{"href":"https:\/\/wataaah.de\/en\/wp-json\/wp\/v2\/product"}],"about":[{"href":"https:\/\/wataaah.de\/en\/wp-json\/wp\/v2\/types\/product"}],"replies":[{"embeddable":true,"href":"https:\/\/wataaah.de\/en\/wp-json\/wp\/v2\/comments?post=3469"}],"wp:featuredmedia":[{"embeddable":true,"href":"https:\/\/wataaah.de\/en\/wp-json\/wp\/v2\/media\/3489"}],"wp:attachment":[{"href":"https:\/\/wataaah.de\/en\/wp-json\/wp\/v2\/media?parent=3469"}],"wp:term":[{"taxonomy":"product_brand","embeddable":true,"href":"https:\/\/wataaah.de\/en\/wp-json\/wp\/v2\/product_brand?post=3469"},{"taxonomy":"product_cat","embeddable":true,"href":"https:\/\/wataaah.de\/en\/wp-json\/wp\/v2\/product_cat?post=3469"},{"taxonomy":"product_tag","embeddable":true,"href":"https:\/\/wataaah.de\/en\/wp-json\/wp\/v2\/product_tag?post=3469"}],"curies":[{"name":"wp","href":"https:\/\/api.w.org\/{rel}","templated":true}]}}