{"id":3470,"date":"2018-11-08T15:44:38","date_gmt":"2018-11-08T13:44:38","guid":{"rendered":"http:\/\/wataaah.de\/produkte\/tokyo-powder-v3\/"},"modified":"2019-01-21T11:23:29","modified_gmt":"2019-01-21T09:23:29","slug":"tokyo-powder-v3","status":"publish","type":"product","link":"https:\/\/wataaah.de\/en\/product\/tokyo-powder-v3\/","title":{"rendered":"TOKYO Powder &#8211; V3"},"content":{"rendered":"<blockquote> Bestes Chalk f\u00fcr feuchte oder kalte Bedingungen.<\/blockquote>\n<p><img loading=\"lazy\" decoding=\"async\" class=\"alignright\" title=\"Jean-Claude\" src=\"http:\/\/wataaah.de\/wp-content\/uploads\/2012\/07\/routenschrauber-step10-137x300.png\" alt=\"Jean-Claude\" width=\"137\" height=\"300\" \/><\/p>\n","protected":false},"excerpt":{"rendered":"<p>Das <strong>V3 Chalk<\/strong> ist die Spezialwaffe unter den Chalks von TOKYO Powder.<\/p>\n<p>Gerade bei etwas feuchteren oder auch sehr kalten Bedingungen macht dieses High End Chalk den Unterschied!<\/p>\n<p>V3 ist ein sehr dichtes, kompaktes Chalk welches sehr gut an den H\u00e4nden haftet. Deshalb ben\u00f6tigt man nur sehr wenig Chalk um den besten Grip zu bekommen. So h\u00e4lt die Packung deutlich l\u00e4nger als bei anderen Chalks.<\/p>\n<p>Ideal f\u00fcr das Outdoor Boulder und Sportklettern. In Verbindung mit BOOST als Basis Schicht k\u00f6nnen die ph\u00e4nomenalen Reibungs-Eigenschaften nochmals verbessert werden.<\/p>\n<p>&nbsp;<\/p>\n<p>Verf\u00fcgbar in folgenden Packungsgr\u00f6\u00dfen: 150 g<\/p>\n<p>GTIN\u00a04260609060294<\/p>\n","protected":false},"featured_media":3494,"comment_status":"closed","ping_status":"closed","template":"","meta":[],"product_brand":[],"product_cat":[130,179,240],"product_tag":[220,99,222,223,219],"class_list":{"0":"post-3470","1":"product","2":"type-product","3":"status-publish","4":"has-post-thumbnail","6":"product_cat-alle","7":"product_cat-klimm-bim","8":"product_cat-tokyo_powder","9":"product_tag-chalk","10":"product_tag-new","11":"product_tag-skin","12":"product_tag-tokyopowder","13":"product_tag-winterkollektion-18-19","14":"product-tag-chalk","15":"product-tag-new","16":"product-tag-skin","17":"product-tag-tokyopowder","18":"product-tag-winterkollektion-18-19","21":"first","22":"instock","23":"sold-individually","24":"taxable","25":"shipping-taxable","26":"product-type-simple"},"aioseo_notices":[],"_links":{"self":[{"href":"https:\/\/wataaah.de\/en\/wp-json\/wp\/v2\/product\/3470","targetHints":{"allow":["GET"]}}],"collection":[{"href":"https:\/\/wataaah.de\/en\/wp-json\/wp\/v2\/product"}],"about":[{"href":"https:\/\/wataaah.de\/en\/wp-json\/wp\/v2\/types\/product"}],"replies":[{"embeddable":true,"href":"https:\/\/wataaah.de\/en\/wp-json\/wp\/v2\/comments?post=3470"}],"wp:featuredmedia":[{"embeddable":true,"href":"https:\/\/wataaah.de\/en\/wp-json\/wp\/v2\/media\/3494"}],"wp:attachment":[{"href":"https:\/\/wataaah.de\/en\/wp-json\/wp\/v2\/media?parent=3470"}],"wp:term":[{"taxonomy":"product_brand","embeddable":true,"href":"https:\/\/wataaah.de\/en\/wp-json\/wp\/v2\/product_brand?post=3470"},{"taxonomy":"product_cat","embeddable":true,"href":"https:\/\/wataaah.de\/en\/wp-json\/wp\/v2\/product_cat?post=3470"},{"taxonomy":"product_tag","embeddable":true,"href":"https:\/\/wataaah.de\/en\/wp-json\/wp\/v2\/product_tag?post=3470"}],"curies":[{"name":"wp","href":"https:\/\/api.w.org\/{rel}","templated":true}]}}