{"id":3471,"date":"2018-11-08T15:45:34","date_gmt":"2018-11-08T13:45:34","guid":{"rendered":"http:\/\/wataaah.de\/produkte\/tokyo-powder-boost\/"},"modified":"2019-01-21T11:23:18","modified_gmt":"2019-01-21T09:23:18","slug":"tokyo-powder-boost","status":"publish","type":"product","link":"https:\/\/wataaah.de\/en\/product\/tokyo-powder-boost\/","title":{"rendered":"TOKYO Powder &#8211; Boost"},"content":{"rendered":"<blockquote> Bietet Dir den besten Verbund von Chalk und Haut. So brauchst Du weniger oft chalken und kannst einfach klettern.<\/blockquote>\n<p><img loading=\"lazy\" decoding=\"async\" class=\"alignright\" title=\"Jean-Claude\" src=\"http:\/\/wataaah.de\/wp-content\/uploads\/2012\/07\/routenschrauber-step10-137x300.png\" alt=\"Jean-Claude\" width=\"137\" height=\"300\" \/><\/p>\n","protected":false},"excerpt":{"rendered":"<p>Das <strong>BOOST<\/strong> von <strong>TOKYO Powder<\/strong> ist das Ergebnis jahrelanger Entwicklung. Das Resultat ist die <strong>BOOST<\/strong> Formel welche Dir die beste Reibung bietet.<\/p>\n<p><strong>BOOST<\/strong> dient als Basis-Schicht und wird vor der Verwendung von normalem Chalk auf die Haut aufgetragen und verbessert so die Reibung nochmals.<\/p>\n<p><strong>BOOST<\/strong> ist wasserbasierend, wodurch es auch f\u00fcr empfindliche Haut geeignet ist.<\/p>\n<p>Jede Boost Packung beinhaltet 15g und ist vakuumversiegelt. Nach dem \u00d6ffnen empfehlen wir einen zeitnahen Verbrauch um den vollen Boost-Effekt zu haben. \u00dcber die Zeit wird das Boost bei ge\u00f6ffneter Verpackung etwas trockener. Durch Zugabe von ein wenig Wasser k\u00f6nnen die Grundeigenschaften wieder hergestellt werden und die Nutzungszeit verl\u00e4ngert sich. Um den vollen Boost Grip zu erhalten muss nur sehr wenig Boost auf die Fingerkuppen aufgetragen und einmassiert werden. Durch die hohe Effektivit\u00e4t der Boost-Formel wird nur sehr wenig Boost ben\u00f6tigt, wodurch der Packungsinhalt lange h\u00e4lt.<\/p>\n<p>Das Boost wurde mit dem Fokus auf Bouldern und Sportklettern entwickelt, um speziell bei Reibungsklettereien einen Vorteil zu bieten! Am besten wird BOOST folgenderma\u00dfen verwendet:<\/p>\n<ol>\n<li>H\u00e4nde von Dreck, Chalk und Fett s\u00e4ubern (Das geht am besten mit <strong>REACT<\/strong> von <strong>Tokyo Powder<\/strong>)<\/li>\n<li>Auftragen und einmassieren einer gleichm\u00e4\u00dfigen, d\u00fcnnen Schicht Boost auf den Fingerkuppen<\/li>\n<li>Abl\u00fcften lassen bis sich ein sehr griffiges Gef\u00fchl einstellt.<\/li>\n<li>Normal chalken und die unglaubliche Reibung f\u00fchlen.<\/li>\n<li>Projekt klettern &#x1f609;<\/li>\n<\/ol>\n<p><strong>BOOST<\/strong> kann auch mehrfach verwendet werden. Einige Tester hatten die Erfahrung gemacht, dass sich die Reibung bei der zweiten Anwendung noch verbesserte.<\/p>\n<p><strong>Verf\u00fcgbar in folgenden Packungsgr\u00f6\u00dfen: <\/strong><\/p>\n<ul>\n<li><strong>15g &#8211; Singlepack <\/strong>(GTIN 7640170187045)<\/li>\n<li><strong>VPE 10 x 15g &#8211; Multipack <\/strong>(GTIN 4260609060324)<\/li>\n<\/ul>\n","protected":false},"featured_media":3480,"comment_status":"closed","ping_status":"closed","template":"","meta":[],"product_brand":[],"product_cat":[130,179,240],"product_tag":[220,99,222,223,219],"class_list":{"0":"post-3471","1":"product","2":"type-product","3":"status-publish","4":"has-post-thumbnail","6":"product_cat-alle","7":"product_cat-klimm-bim","8":"product_cat-tokyo_powder","9":"product_tag-chalk","10":"product_tag-new","11":"product_tag-skin","12":"product_tag-tokyopowder","13":"product_tag-winterkollektion-18-19","14":"product-tag-chalk","15":"product-tag-new","16":"product-tag-skin","17":"product-tag-tokyopowder","18":"product-tag-winterkollektion-18-19","21":"first","22":"instock","23":"sold-individually","24":"taxable","25":"shipping-taxable","26":"product-type-simple"},"aioseo_notices":[],"_links":{"self":[{"href":"https:\/\/wataaah.de\/en\/wp-json\/wp\/v2\/product\/3471","targetHints":{"allow":["GET"]}}],"collection":[{"href":"https:\/\/wataaah.de\/en\/wp-json\/wp\/v2\/product"}],"about":[{"href":"https:\/\/wataaah.de\/en\/wp-json\/wp\/v2\/types\/product"}],"replies":[{"embeddable":true,"href":"https:\/\/wataaah.de\/en\/wp-json\/wp\/v2\/comments?post=3471"}],"wp:featuredmedia":[{"embeddable":true,"href":"https:\/\/wataaah.de\/en\/wp-json\/wp\/v2\/media\/3480"}],"wp:attachment":[{"href":"https:\/\/wataaah.de\/en\/wp-json\/wp\/v2\/media?parent=3471"}],"wp:term":[{"taxonomy":"product_brand","embeddable":true,"href":"https:\/\/wataaah.de\/en\/wp-json\/wp\/v2\/product_brand?post=3471"},{"taxonomy":"product_cat","embeddable":true,"href":"https:\/\/wataaah.de\/en\/wp-json\/wp\/v2\/product_cat?post=3471"},{"taxonomy":"product_tag","embeddable":true,"href":"https:\/\/wataaah.de\/en\/wp-json\/wp\/v2\/product_tag?post=3471"}],"curies":[{"name":"wp","href":"https:\/\/api.w.org\/{rel}","templated":true}]}}