{"id":3946,"date":"2020-07-06T14:46:26","date_gmt":"2020-07-06T12:46:26","guid":{"rendered":"http:\/\/wataaah.de\/?post_type=product&#038;p=3946"},"modified":"2020-07-11T11:12:53","modified_gmt":"2020-07-11T09:12:53","slug":"trainings","status":"publish","type":"product","link":"https:\/\/wataaah.de\/en\/product\/trainings\/","title":{"rendered":"Trainings"},"content":{"rendered":"<blockquote> Eine fundierte Leistungsanalyse, zusammen mit einem individuellen, gezielten Training ist der schnellste Weg zum Erfolg.<\/blockquote>\n","protected":false},"excerpt":{"rendered":"<p>Das Thema Klettertraining besch\u00e4ftigt uns bei WATAAAH schon von Anfang an! Es freut uns einfach zu sehen wie unsere Kunden St\u00fcck f\u00fcr St\u00fcck besser werden!<\/p>\n<p>Aus diesem Grund haben wir auch das KRAFTOLIZER Leistungsanalysesystem entwickelt. Eine gute Leistungsanalyse als Basis f\u00fcr ein gezieltes, individuelles Training ist der schnellste Weg zum Erfolg.<\/p>\n<p>Benjamin Hartmann, einer der beiden WATAAAH Gr\u00fcnder, betreut schon \u00fcber ein Jahrzehnt das Japanische Nationalteam und kann als Nationaltrainer Bouldern auf viele herausragende Erfolge zur\u00fcckblicken!<\/p>\n<p>All diese Erfahrung m\u00f6chten wir Euch als motivierten Kletterer zu Gute kommen lassen. Wir unterst\u00fctzen Euch gerne auf Eurem Weg\u00a0 und k\u00f6nnen zu jedem Trainingsthema individuell passende L\u00f6sungen anbieten.<\/p>\n<p>&nbsp;<\/p>\n","protected":false},"featured_media":3949,"comment_status":"closed","ping_status":"closed","template":"","meta":[],"product_brand":[],"product_cat":[130,170,259],"product_tag":[262,261,171],"class_list":{"0":"post-3946","1":"product","2":"type-product","3":"status-publish","4":"has-post-thumbnail","6":"product_cat-alle","7":"product_cat-training","8":"product_cat-dienstleistungen","9":"product_tag-kraftolizer","10":"product_tag-leistungsanalyse","11":"product_tag-training","12":"product-tag-kraftolizer","13":"product-tag-leistungsanalyse","14":"product-tag-training","17":"first","18":"instock","19":"sold-individually","20":"taxable","21":"shipping-taxable","22":"product-type-simple"},"aioseo_notices":[],"_links":{"self":[{"href":"https:\/\/wataaah.de\/en\/wp-json\/wp\/v2\/product\/3946","targetHints":{"allow":["GET"]}}],"collection":[{"href":"https:\/\/wataaah.de\/en\/wp-json\/wp\/v2\/product"}],"about":[{"href":"https:\/\/wataaah.de\/en\/wp-json\/wp\/v2\/types\/product"}],"replies":[{"embeddable":true,"href":"https:\/\/wataaah.de\/en\/wp-json\/wp\/v2\/comments?post=3946"}],"wp:featuredmedia":[{"embeddable":true,"href":"https:\/\/wataaah.de\/en\/wp-json\/wp\/v2\/media\/3949"}],"wp:attachment":[{"href":"https:\/\/wataaah.de\/en\/wp-json\/wp\/v2\/media?parent=3946"}],"wp:term":[{"taxonomy":"product_brand","embeddable":true,"href":"https:\/\/wataaah.de\/en\/wp-json\/wp\/v2\/product_brand?post=3946"},{"taxonomy":"product_cat","embeddable":true,"href":"https:\/\/wataaah.de\/en\/wp-json\/wp\/v2\/product_cat?post=3946"},{"taxonomy":"product_tag","embeddable":true,"href":"https:\/\/wataaah.de\/en\/wp-json\/wp\/v2\/product_tag?post=3946"}],"curies":[{"name":"wp","href":"https:\/\/api.w.org\/{rel}","templated":true}]}}