{"id":3950,"date":"2020-07-06T15:15:57","date_gmt":"2020-07-06T13:15:57","guid":{"rendered":"http:\/\/wataaah.de\/?post_type=product&#038;p=3950"},"modified":"2020-07-13T09:09:35","modified_gmt":"2020-07-13T07:09:35","slug":"workshops","status":"publish","type":"product","link":"https:\/\/wataaah.de\/en\/product\/workshops\/","title":{"rendered":"Workshops"},"content":{"rendered":"<blockquote> Der Routenbau Workshop hat mir sehr gut gefallen. Die Balance zwischen Theorie und praktischen Aufgaben war perfekt, so dass die Zeit wie im Flug verging. Der Aufbau des Workshops, die Vermittlung von Inhalten und die Umsetzung durch \u00dcbungen waren ideal abgestimmt. So war es m\u00f6glich, sich die Gruppendynamik bewusst zu machen und die Auswirkung unterschiedlicher Charaktere auf das Teamgef\u00fcge zu erkennen. Benny bringt sehr viel Erfahrung und Wissen mit und verstand es, dieses in einer lockeren Atmosph\u00e4re den Teilnehmern zu vermitteln. &#8211; (Lance Chatwell, nach der Teilnahme an unserem zweit\u00e4gigen Routenbauworkshop (Breitensport + Wettkampf)) <\/blockquote>\n","protected":false},"excerpt":{"rendered":"<p>Guter Routenbau ist die Basis einer jeden guten Kletter-\/ und Boulderhalle.<\/p>\n<p>Daf\u00fcr braucht es das n\u00f6tige Wissen und ein gut funktionierendes Routenbauteam.<\/p>\n<p>Wir bieten Euch daf\u00fcr sowohl Routenbau Workshops zum Thema Breitensport, als auch zum Thema Wettkampf Routenbau an.<\/p>\n<p>Unsere Workshops zeichnen sich durch einen ausgewogenen Mix von theoretischem Input und einer vielseitigen Praxis an der Wand aus!<\/p>\n<p>Gerne bieten wir Euch auch individuell zusammengestellte Fortbildungsl\u00f6sungen f\u00fcr Eure Halle an.<\/p>\n<p>&nbsp;<\/p>\n","protected":false},"featured_media":3956,"comment_status":"closed","ping_status":"closed","template":"","meta":[],"product_brand":[],"product_cat":[130,259],"product_tag":[264,260,171,263],"class_list":{"0":"post-3950","1":"product","2":"type-product","3":"status-publish","4":"has-post-thumbnail","6":"product_cat-alle","7":"product_cat-dienstleistungen","8":"product_tag-clinics","9":"product_tag-routenbau","10":"product_tag-training","11":"product_tag-workshops","12":"product-tag-clinics","13":"product-tag-routenbau","14":"product-tag-training","15":"product-tag-workshops","18":"first","19":"instock","20":"sold-individually","21":"taxable","22":"shipping-taxable","23":"product-type-simple"},"aioseo_notices":[],"_links":{"self":[{"href":"https:\/\/wataaah.de\/en\/wp-json\/wp\/v2\/product\/3950","targetHints":{"allow":["GET"]}}],"collection":[{"href":"https:\/\/wataaah.de\/en\/wp-json\/wp\/v2\/product"}],"about":[{"href":"https:\/\/wataaah.de\/en\/wp-json\/wp\/v2\/types\/product"}],"replies":[{"embeddable":true,"href":"https:\/\/wataaah.de\/en\/wp-json\/wp\/v2\/comments?post=3950"}],"wp:featuredmedia":[{"embeddable":true,"href":"https:\/\/wataaah.de\/en\/wp-json\/wp\/v2\/media\/3956"}],"wp:attachment":[{"href":"https:\/\/wataaah.de\/en\/wp-json\/wp\/v2\/media?parent=3950"}],"wp:term":[{"taxonomy":"product_brand","embeddable":true,"href":"https:\/\/wataaah.de\/en\/wp-json\/wp\/v2\/product_brand?post=3950"},{"taxonomy":"product_cat","embeddable":true,"href":"https:\/\/wataaah.de\/en\/wp-json\/wp\/v2\/product_cat?post=3950"},{"taxonomy":"product_tag","embeddable":true,"href":"https:\/\/wataaah.de\/en\/wp-json\/wp\/v2\/product_tag?post=3950"}],"curies":[{"name":"wp","href":"https:\/\/api.w.org\/{rel}","templated":true}]}}