{"id":5330,"date":"2024-03-04T11:53:39","date_gmt":"2024-03-04T09:53:39","guid":{"rendered":"https:\/\/wataaah.de\/?post_type=product&#038;p=5330"},"modified":"2024-05-16T21:37:06","modified_gmt":"2024-05-16T19:37:06","slug":"tokyo-powder-superb","status":"publish","type":"product","link":"https:\/\/wataaah.de\/en\/product\/tokyo-powder-superb\/","title":{"rendered":"TOKYO Powder &#8211; SuperB"},"content":{"rendered":"<blockquote> Bestes Chalk f\u00fcr Indoor Boulderer und Wettk\u00e4mpfe.<\/blockquote>\n<p><img loading=\"lazy\" decoding=\"async\" class=\"alignright\" title=\"Jean-Claude\" src=\"http:\/\/wataaah.de\/wp-content\/uploads\/2012\/07\/routenschrauber-step10-137x300.png\" alt=\"Jean-Claude\" width=\"137\" height=\"300\" \/><\/p>\n","protected":false},"excerpt":{"rendered":"<p><strong>Super B<\/strong> Chalk wurde speziell f\u00fcr das Wettkampfklettern auf hohem Niveau entwickelt und entstand aus der Weiterentwicklung von <a href=\"https:\/\/wataaah.de\/product\/tokyo-powder-black\/\"><strong>BLACK<\/strong><\/a> und <a href=\"https:\/\/wataaah.de\/product\/tokyo-powder-rx\/\"><strong>RX<\/strong><\/a>.<\/p>\n<p>Es eignet sich hervorragend f\u00fcr Griffe auf Polyurethanbasis, haftet an der Haut und beschichtet die H\u00e4nde gleichm\u00e4\u00dfig wie BLACK und hat die reibungserh\u00f6henden Eigenschaften von RX.<br \/>\nAuch wenn das Chalk, durch das Klettern, an den H\u00e4nden weg ist, bleibt die Reibung \u00fcber vier oder f\u00fcnf weitere Z\u00fcge erhalten.<\/p>\n<p><strong>SUPER B<\/strong> ist bei unseren Boulderern sehr beliebt, weil es auch bei extremen Belastungen h\u00e4lt und sich im Wettkampfumfeld, wo die Haut stark beansprucht wird, hervorragend bew\u00e4hrt hat.<\/p>\n<p>&nbsp;<\/p>\n","protected":false},"featured_media":5436,"comment_status":"closed","ping_status":"closed","template":"","meta":[],"product_brand":[],"product_cat":[130,179,240],"product_tag":[220,99,222,223],"class_list":{"0":"post-5330","1":"product","2":"type-product","3":"status-publish","4":"has-post-thumbnail","6":"product_cat-alle","7":"product_cat-klimm-bim","8":"product_cat-tokyo_powder","9":"product_tag-chalk","10":"product_tag-new","11":"product_tag-skin","12":"product_tag-tokyopowder","13":"product-tag-chalk","14":"product-tag-new","15":"product-tag-skin","16":"product-tag-tokyopowder","19":"first","20":"instock","21":"sold-individually","22":"taxable","23":"shipping-taxable","24":"product-type-simple"},"aioseo_notices":[],"_links":{"self":[{"href":"https:\/\/wataaah.de\/en\/wp-json\/wp\/v2\/product\/5330","targetHints":{"allow":["GET"]}}],"collection":[{"href":"https:\/\/wataaah.de\/en\/wp-json\/wp\/v2\/product"}],"about":[{"href":"https:\/\/wataaah.de\/en\/wp-json\/wp\/v2\/types\/product"}],"replies":[{"embeddable":true,"href":"https:\/\/wataaah.de\/en\/wp-json\/wp\/v2\/comments?post=5330"}],"wp:featuredmedia":[{"embeddable":true,"href":"https:\/\/wataaah.de\/en\/wp-json\/wp\/v2\/media\/5436"}],"wp:attachment":[{"href":"https:\/\/wataaah.de\/en\/wp-json\/wp\/v2\/media?parent=5330"}],"wp:term":[{"taxonomy":"product_brand","embeddable":true,"href":"https:\/\/wataaah.de\/en\/wp-json\/wp\/v2\/product_brand?post=5330"},{"taxonomy":"product_cat","embeddable":true,"href":"https:\/\/wataaah.de\/en\/wp-json\/wp\/v2\/product_cat?post=5330"},{"taxonomy":"product_tag","embeddable":true,"href":"https:\/\/wataaah.de\/en\/wp-json\/wp\/v2\/product_tag?post=5330"}],"curies":[{"name":"wp","href":"https:\/\/api.w.org\/{rel}","templated":true}]}}