{"id":5331,"date":"2024-03-04T12:43:52","date_gmt":"2024-03-04T10:43:52","guid":{"rendered":"https:\/\/wataaah.de\/?post_type=product&#038;p=5331"},"modified":"2024-05-16T21:44:10","modified_gmt":"2024-05-16T19:44:10","slug":"tokyo-powder-pure","status":"publish","type":"product","link":"https:\/\/wataaah.de\/en\/product\/tokyo-powder-pure\/","title":{"rendered":"TOKYO Powder &#8211; Pure"},"content":{"rendered":"<blockquote> Bestes nachhaltiges Chalk .<\/blockquote>\n<p><img loading=\"lazy\" decoding=\"async\" class=\"alignright\" title=\"Jean-Claude\" src=\"http:\/\/wataaah.de\/wp-content\/uploads\/2012\/07\/routenschrauber-step10-137x300.png\" alt=\"Jean-Claude\" width=\"137\" height=\"300\" \/><\/p>\n","protected":false},"excerpt":{"rendered":"<p><strong>PURE<\/strong> ist ein superfeines Chalk, das Magnesiumcarbonat aus eigener Tokyo Powder Herstellung verwendet. Es ist das einfachste und kosteng\u00fcnstigste Modell.<\/p>\n<p>Durch die Herstellung aus Magnesiumhydroxid werden Verunreinigungen unterdr\u00fcckt, und es wird ausgezeichnetes, umweltfreundliches Magnesiumcarbonat verwendet. Es f\u00fchlt sich sehr angenehm an und erreicht ein hohes Ma\u00df an Nachhaltigkeit.<\/p>\n<p>&nbsp;<\/p>\n<p>&nbsp;<\/p>\n<p>&nbsp;<\/p>\n","protected":false},"featured_media":5440,"comment_status":"closed","ping_status":"closed","template":"","meta":[],"product_brand":[],"product_cat":[130,179,240],"product_tag":[220,99,222,223],"class_list":{"0":"post-5331","1":"product","2":"type-product","3":"status-publish","4":"has-post-thumbnail","6":"product_cat-alle","7":"product_cat-klimm-bim","8":"product_cat-tokyo_powder","9":"product_tag-chalk","10":"product_tag-new","11":"product_tag-skin","12":"product_tag-tokyopowder","13":"product-tag-chalk","14":"product-tag-new","15":"product-tag-skin","16":"product-tag-tokyopowder","19":"first","20":"instock","21":"sold-individually","22":"taxable","23":"shipping-taxable","24":"product-type-simple"},"aioseo_notices":[],"_links":{"self":[{"href":"https:\/\/wataaah.de\/en\/wp-json\/wp\/v2\/product\/5331","targetHints":{"allow":["GET"]}}],"collection":[{"href":"https:\/\/wataaah.de\/en\/wp-json\/wp\/v2\/product"}],"about":[{"href":"https:\/\/wataaah.de\/en\/wp-json\/wp\/v2\/types\/product"}],"replies":[{"embeddable":true,"href":"https:\/\/wataaah.de\/en\/wp-json\/wp\/v2\/comments?post=5331"}],"wp:featuredmedia":[{"embeddable":true,"href":"https:\/\/wataaah.de\/en\/wp-json\/wp\/v2\/media\/5440"}],"wp:attachment":[{"href":"https:\/\/wataaah.de\/en\/wp-json\/wp\/v2\/media?parent=5331"}],"wp:term":[{"taxonomy":"product_brand","embeddable":true,"href":"https:\/\/wataaah.de\/en\/wp-json\/wp\/v2\/product_brand?post=5331"},{"taxonomy":"product_cat","embeddable":true,"href":"https:\/\/wataaah.de\/en\/wp-json\/wp\/v2\/product_cat?post=5331"},{"taxonomy":"product_tag","embeddable":true,"href":"https:\/\/wataaah.de\/en\/wp-json\/wp\/v2\/product_tag?post=5331"}],"curies":[{"name":"wp","href":"https:\/\/api.w.org\/{rel}","templated":true}]}}