{"id":5687,"date":"2024-11-15T17:55:03","date_gmt":"2024-11-15T15:55:03","guid":{"rendered":"https:\/\/wataaah.de\/?post_type=product&#038;p=5687"},"modified":"2024-11-16T18:11:20","modified_gmt":"2024-11-16T16:11:20","slug":"dt-karlie-volume-4","status":"publish","type":"product","link":"https:\/\/wataaah.de\/en\/product\/dt-karlie-volume-4\/","title":{"rendered":"DT Karlie Volume 4"},"content":{"rendered":"<blockquote>&#8220;Zusammen mit der symmetrischen, rechten Variante, dem Karlie Volume 3,\u00a0 lassen sich auch super Risse schrauben .&#8221;<\/blockquote>\n<p><img loading=\"lazy\" decoding=\"async\" class=\"size-medium wp-image-148 alignright\" title=\"Jean-Claude\" src=\"http:\/\/wataaah.de\/wp-content\/uploads\/2012\/07\/routenschrauber-step10-137x300.png\" alt=\"Jean-Claude\" width=\"137\" height=\"300\" \/><\/p>\n","protected":false},"excerpt":{"rendered":"<p>Diese, linke, glatte Variante (DT- Double Texture) des 90 Grad Karlie Volumen bietet sich super an f\u00fcr moderne Weiterleiter-Dynos. Dieses Makro hat einen angenehmen Grip und ist super ergonomisch. Durch die glatte Seite ist dieses Volumen sehr direktional und bietet Dir als Routenbauer viele M\u00f6glichkeiten gezielt Bewegungen zu schrauben. Mit einer soliden Glasfaserkonstruktion und mit Spaxl\u00f6cher die mit Unterlagscheiben verst\u00e4rkt sind bereiten sie Euch lange Freude!\u00a0 Dieses Volumen l\u00e4sst sich auch super mit der gespiegelten, rechten Variante, <span style=\"color: #ff0000\"><span style=\"color: #000000\">dem <a href=\"http:\/\/wataaah.de\/produkt\/karlie-volume-3\/\">Karlie Volume 3<\/a><\/span><\/span>, oder der Double Texture Variante <a href=\"https:\/\/wataaah.de\/product\/dt-karlie-volume-3\/\">DT Karlie Volume 3<\/a>, zu einem Riss kombinieren.<\/p>\n","protected":false},"featured_media":5672,"comment_status":"open","ping_status":"closed","template":"","meta":[],"product_brand":[],"product_cat":[130,250],"product_tag":[86,166,175,79,252,209,99,102,158,338],"class_list":{"0":"post-5687","1":"product","2":"type-product","3":"status-publish","4":"has-post-thumbnail","6":"product_cat-alle","7":"product_cat-fiberglass-volumes","8":"product_tag-all","9":"product_tag-aesthetic","10":"product_tag-competition","11":"product_tag-double-texture","12":"product_tag-fiberglass","13":"product_tag-makro","14":"product_tag-new","15":"product_tag-spax","16":"product_tag-symmetrisch","17":"product_tag-winterkollektion-24-25","18":"product-tag-all","19":"product-tag-aesthetic","20":"product-tag-competition","21":"product-tag-double-texture","22":"product-tag-fiberglass","23":"product-tag-makro","24":"product-tag-new","25":"product-tag-spax","26":"product-tag-symmetrisch","27":"product-tag-winterkollektion-24-25","30":"first","31":"instock","32":"sold-individually","33":"taxable","34":"shipping-taxable","35":"product-type-simple"},"aioseo_notices":[],"_links":{"self":[{"href":"https:\/\/wataaah.de\/en\/wp-json\/wp\/v2\/product\/5687","targetHints":{"allow":["GET"]}}],"collection":[{"href":"https:\/\/wataaah.de\/en\/wp-json\/wp\/v2\/product"}],"about":[{"href":"https:\/\/wataaah.de\/en\/wp-json\/wp\/v2\/types\/product"}],"replies":[{"embeddable":true,"href":"https:\/\/wataaah.de\/en\/wp-json\/wp\/v2\/comments?post=5687"}],"wp:featuredmedia":[{"embeddable":true,"href":"https:\/\/wataaah.de\/en\/wp-json\/wp\/v2\/media\/5672"}],"wp:attachment":[{"href":"https:\/\/wataaah.de\/en\/wp-json\/wp\/v2\/media?parent=5687"}],"wp:term":[{"taxonomy":"product_brand","embeddable":true,"href":"https:\/\/wataaah.de\/en\/wp-json\/wp\/v2\/product_brand?post=5687"},{"taxonomy":"product_cat","embeddable":true,"href":"https:\/\/wataaah.de\/en\/wp-json\/wp\/v2\/product_cat?post=5687"},{"taxonomy":"product_tag","embeddable":true,"href":"https:\/\/wataaah.de\/en\/wp-json\/wp\/v2\/product_tag?post=5687"}],"curies":[{"name":"wp","href":"https:\/\/api.w.org\/{rel}","templated":true}]}}