{"id":5688,"date":"2024-11-15T17:56:49","date_gmt":"2024-11-15T15:56:49","guid":{"rendered":"https:\/\/wataaah.de\/?post_type=product&#038;p=5688"},"modified":"2024-11-17T00:13:24","modified_gmt":"2024-11-16T22:13:24","slug":"dt-karlie-volume-5","status":"publish","type":"product","link":"https:\/\/wataaah.de\/en\/product\/dt-karlie-volume-5\/","title":{"rendered":"DT Karlie Volume 5"},"content":{"rendered":"<blockquote>&#8220;Zusammen mit der symmetrischen, linken Variante, dem Karlie Volume 6,\u00a0 lassen sich sch\u00f6ne symmetrische Sachen schrauben.&#8221;<\/blockquote>\n<p><img loading=\"lazy\" decoding=\"async\" class=\"size-medium wp-image-148 alignright\" title=\"Jean-Claude\" src=\"http:\/\/wataaah.de\/wp-content\/uploads\/2012\/07\/routenschrauber-step10-137x300.png\" alt=\"Jean-Claude\" width=\"137\" height=\"300\" \/><\/p>\n","protected":false},"excerpt":{"rendered":"<p>Diese, rechte Doubletexture Variante (DT- Double Texture) des Incut\/ Henkel Karlie Volumen bietet sich super an um im \u00dcberhang oder auch um dynamische Sachen zu schrauben. Dieses Volumen hat einen angenehmen Grip und ist super ergonomisch. Durch die glatte Seite ist dieses Volumen sehr direktional und bietet Dir als Routenbauer viele M\u00f6glichkeiten gezielt Bewegungen zu schrauben. Mit einer soliden Glasfaserkonstruktion und mit Spaxl\u00f6cher die mit Unterlagscheiben verst\u00e4rkt sind bereiten sie Euch lange Freude!\u00a0 Dieses Volumen l\u00e4sst sich auch super mit der symmetrisch gespiegelten, linken Variante, <span style=\"color: #ff0000\"><span style=\"color: #000000\">dem <a href=\"https:\/\/wataaah.de\/product\/karlie-volume-6\/\">Karlie Volume 6<\/a><\/span><\/span>,\u00a0 oder dem <a href=\"https:\/\/wataaah.de\/product\/dt-karlie-volume-6\/\">DT Karlie Volume 6<\/a>, kombinieren.<\/p>\n","protected":false},"featured_media":5680,"comment_status":"open","ping_status":"closed","template":"","meta":[],"product_brand":[],"product_cat":[130,250],"product_tag":[86,166,175,79,252,44,209,99,102,158,338],"class_list":{"0":"post-5688","1":"product","2":"type-product","3":"status-publish","4":"has-post-thumbnail","6":"product_cat-alle","7":"product_cat-fiberglass-volumes","8":"product_tag-all","9":"product_tag-aesthetic","10":"product_tag-competition","11":"product_tag-double-texture","12":"product_tag-fiberglass","13":"product_tag-incut","14":"product_tag-makro","15":"product_tag-new","16":"product_tag-spax","17":"product_tag-symmetrisch","18":"product_tag-winterkollektion-24-25","19":"product-tag-all","20":"product-tag-aesthetic","21":"product-tag-competition","22":"product-tag-double-texture","23":"product-tag-fiberglass","24":"product-tag-incut","25":"product-tag-makro","26":"product-tag-new","27":"product-tag-spax","28":"product-tag-symmetrisch","29":"product-tag-winterkollektion-24-25","32":"first","33":"instock","34":"sold-individually","35":"taxable","36":"shipping-taxable","37":"product-type-simple"},"aioseo_notices":[],"_links":{"self":[{"href":"https:\/\/wataaah.de\/en\/wp-json\/wp\/v2\/product\/5688","targetHints":{"allow":["GET"]}}],"collection":[{"href":"https:\/\/wataaah.de\/en\/wp-json\/wp\/v2\/product"}],"about":[{"href":"https:\/\/wataaah.de\/en\/wp-json\/wp\/v2\/types\/product"}],"replies":[{"embeddable":true,"href":"https:\/\/wataaah.de\/en\/wp-json\/wp\/v2\/comments?post=5688"}],"wp:featuredmedia":[{"embeddable":true,"href":"https:\/\/wataaah.de\/en\/wp-json\/wp\/v2\/media\/5680"}],"wp:attachment":[{"href":"https:\/\/wataaah.de\/en\/wp-json\/wp\/v2\/media?parent=5688"}],"wp:term":[{"taxonomy":"product_brand","embeddable":true,"href":"https:\/\/wataaah.de\/en\/wp-json\/wp\/v2\/product_brand?post=5688"},{"taxonomy":"product_cat","embeddable":true,"href":"https:\/\/wataaah.de\/en\/wp-json\/wp\/v2\/product_cat?post=5688"},{"taxonomy":"product_tag","embeddable":true,"href":"https:\/\/wataaah.de\/en\/wp-json\/wp\/v2\/product_tag?post=5688"}],"curies":[{"name":"wp","href":"https:\/\/api.w.org\/{rel}","templated":true}]}}